{"id":33,"date":"2021-10-11T07:56:25","date_gmt":"2021-10-11T05:56:25","guid":{"rendered":"https:\/\/docenciamicrobiologia.umh.es\/?page_id=33"},"modified":"2025-07-02T11:35:30","modified_gmt":"2025-07-02T09:35:30","slug":"colaboradores-umh","status":"publish","type":"page","link":"https:\/\/docenciamicrobiologia.umh.es\/en\/presentacion\/colaboradores-umh\/","title":{"rendered":"UMH Collaborators"},"content":{"rendered":"<p><\/p>\n<div class=\"col\"><strong style=\"font-size: 16px\">Faculty members <\/strong>involved<span style=\"font-size: 16px\"> in creating and running the website:<\/span><\/div>\n<div class=\"col\">\n<div class=\"text-cuerpo\">\n<section id=\"h.1c6dbc7b9616f8fe_0\" class=\"yaqOZd\">\n<div class=\"mYVXT\">\n<div class=\"LS81yb VICjCf\">\n<div class=\"hJDwNd-AhqUyc-uQSCkd purZT-AhqUyc-II5mzb pSzOP-AhqUyc-qWD73c JNdkSc\">\n<div class=\"JNdkSc-SmKAyb\">\n<div class=\"\">\n<div class=\"oKdM2c Kzv0Me\">\n<div id=\"h.3d80967532c2be03_0\">\n<ul>\n<li>M\u00aa Francisca Colom Valiente<\/li>\n<li class=\"CDt4Ke zfr3Q\">Consuelo Ferrer Rodr\u00edguez<\/li>\n<li class=\"CDt4Ke zfr3Q\">Ana Bel\u00e9n Mart\u00edn Cuadrado<\/li>\n<li class=\"CDt4Ke zfr3Q\">Manuel S\u00e1nchez Angulo<\/li>\n<li class=\"CDt4Ke zfr3Q\">Marina Torreblanca Calvo<\/li>\n<\/ul>\n<\/div>\n<table style=\"border: hidden;margin: 0 auto\">\n<tbody>\n<tr style=\"border: hidden\">\n<td style=\"border: hidden;text-align: center\"><strong>Administration and Services Staff\u00a0<\/strong><\/p>\n<p>Roc\u00edo Valera S\u00e1nchez<\/td>\n<td><img loading=\"lazy\" class=\"aligncenter\" src=\"https:\/\/docenciamicrobiologia.umh.es\/files\/2021\/11\/EmbeddedImage-28.jpg\" alt=\"\" width=\"200\" height=\"240\" \/><\/td>\n<\/tr>\n<\/tbody>\n<\/table>\n<\/div>\n<\/div>\n<\/div>\n<\/div>\n<\/div>\n<\/div>\n<\/section>\n<div><\/div>\n<\/div>\n<\/div>\n<p>&nbsp;<\/p>\n<p><strong><span style=\"font-family: 'Lato',sans-serif\">Medical students<\/span><\/strong><\/p>\n<p><img loading=\"lazy\" class=\"alignright\" src=\"https:\/\/docenciamicrobiologia.umh.es\/files\/2021\/11\/EmbeddedImage-1-1.jpg\" alt=\"\" width=\"395\" height=\"222\" \/><\/p>\n<p>Brenda Arg\u00fcelles, Luis Arrabal, Jos\u00e9 Mar\u00eda Costa, Rafael Cristobal, Arantzazu Dav\u00f3, Violeta Esteban, Javier Ferr\u00e1ndez,\u00a0 Yaiza Garc\u00eda, Vicky Javaloyes, Cristina L\u00f3pez, Eva Perell\u00f3, Carmen Pons, Javier Ram\u00edrez, Marta Samaniego, Cristina Sandoval, Sandra Santos, Mar\u00eda Soriano, M\u00f3nica Veguillas, Cristina Zapata Carlos Ferre Aracil, Angelique M. S\u00e1nchez Vasseur, Raquel Sepulcre Agull\u00f3.<\/p>\n<p>&nbsp;<\/p>\n<div class=\"col\">\n<div class=\"text-cuerpo\">\n<div><\/div>\n<section id=\"h.38c2566b52ce63e6_123\" class=\"yaqOZd\">\n<div class=\"IFuOkc\"><\/div>\n<div class=\"mYVXT\">\n<div class=\"LS81yb VICjCf\">\n<div class=\"hJDwNd-AhqUyc-qWD73c purZT-AhqUyc-II5mzb pSzOP-AhqUyc-qWD73c JNdkSc\">\n<div class=\"JNdkSc-SmKAyb\">\n<div class=\"\">\n<div class=\"oKdM2c Kzv0Me\">\n<div id=\"h.38c2566b52ce63e6_133\" class=\"hJDwNd-AhqUyc-qWD73c jXK9ad D2fZ2 OjCsFc wHaque GNzUNc\">\n<div class=\"jXK9ad-SmKAyb\">\n<div class=\"tyJCtd mGzaTb baZpAe\">\n<p>&nbsp;<\/p>\n<p><strong><span style=\"font-family: 'Lato',sans-serif\">Biotechnology and Environmental Science students <\/span><\/strong>Jos\u00e9 Manuel Agullo Martin, H\u00e9ctor Jos\u00e9 Botella Valle, Justin Bryson Mackenzie, Emilio Clemares Mart\u00ednez, Diana Cortes Olivera,, Beatriz Garc\u00eda Alonso, Francisco Guti\u00e9rrez Palomino, Damaso Moreno Ram\u00edrez, Esther Muries Berenguer, Maria Poveda Deltell, Esther Vilchez Galvez, Juan Alejandro Zuazu Quintas.<\/p>\n<\/div>\n<\/div>\n<\/div>\n<\/div>\n<\/div>\n<\/div>\n<\/div>\n<div class=\"hJDwNd-AhqUyc-qWD73c JNdkSc L6cTce-purZT L6cTce-pSzOP\">\n<div class=\"JNdkSc-SmKAyb\">\n<div class=\"\"><\/div>\n<\/div>\n<\/div>\n<\/div>\n<\/div>\n<\/section>\n<section id=\"h.3d80967532c2be03_7\" class=\"yaqOZd\">\n<div class=\"IFuOkc\"><\/div>\n<div class=\"mYVXT\">\n<div class=\"LS81yb VICjCf\">\n<div class=\"hJDwNd-AhqUyc-uQSCkd purZT-AhqUyc-II5mzb pSzOP-AhqUyc-qWD73c JNdkSc\">\n<div class=\"JNdkSc-SmKAyb\">\n<div class=\"\">\n<div class=\"oKdM2c Kzv0Me\">\n<div id=\"h.3d80967532c2be03_4\" class=\"hJDwNd-AhqUyc-uQSCkd jXK9ad D2fZ2 OjCsFc wHaque GNzUNc\">\n<div class=\"jXK9ad-SmKAyb\">\n<div class=\"tyJCtd mGzaTb baZpAe\">\n<p>This website was set up and is updated thanks to the following <strong>funding<\/strong>:<\/p>\n<blockquote>\n<ul>\n<li>\u201cCreation of a multimedia guide for Microbiology laboratory practicals. University Educational Innovation Project PIEU-UMH 2012\u201d.<\/li>\n<li>\u201cCreation of a multimedia guide for Microbiology laboratory practicals. University Educational Innovation Project PIEU-UMH 2013\u201d.<\/li>\n<li>\u201cCreation of a multimedia guide for Microbiology laboratory practicals. PIEU\/2019\/61. University Educational Innovation Project PIEU-UMH 2019\u201d.<\/li>\n<li>&#8220;Creation a multimedia guide for MicroMundo porject&#8221;. PIEU\/2019\/54.University Educational Innovation Project PIEU-UMH 2019\u201d.<\/li>\n<li>\u201cCreation of\u00a0 Microbiology UMH web&#8221;. PIEU\/2021\/09. University Educational Innovation Project PIEU-UMH 2021\u201d.<\/li>\n<\/ul>\n<\/blockquote>\n<p>&nbsp;<\/p>\n<p style=\"text-align: center\">Educational Innovation Activities Assistance- Vice Rector for Academic Affairs\/ Enquiries and technical matters &#8211; Tel: 96 522 2059 &#8211; <a href=\"mailto:info@goumh.es\">info@goumh.es<\/a><\/p>\n<\/div>\n<\/div>\n<\/div>\n<\/div>\n<\/div>\n<\/div>\n<\/div>\n<\/div>\n<\/div>\n<\/section>\n<\/div>\n<\/div>\n<p><\/p>","protected":false},"excerpt":{"rendered":"<p>Faculty members involved in creating and running the website:<\/p>\n<p>M\u00aa Francisca Colom Valiente<br \/>\nConsuelo Ferrer Rodr\u00edguez<br \/>\nAna Bel\u00e9n Mart\u00edn Cuadrado<br \/>\nManuel S\u00e1nchez Angulo<br \/>\nMarina Torreblanca Calvo<\/p>\n<p>Administration and Services Staff\u00a0<br \/>\nRoc\u00edo Valera S\u00e1nchez<\/p>\n<p>&nbsp;<br \/>\nMedical students<\/p>\n<p>Brenda Arg\u00fcelles, Luis Arrabal, Jos\u00e9 Mar\u00eda Costa, Rafael Cristobal, Arantzazu Dav\u00f3, Violeta Esteban, Javier Ferr\u00e1ndez,\u00a0 Yaiza Garc\u00eda, Vicky Javaloyes, Cristina L\u00f3pez, Eva Perell\u00f3, Carmen Pons, Javier Ram\u00edrez, Marta Samaniego, [&#8230;]<\/p>\n","protected":false},"author":3,"featured_media":0,"parent":30,"menu_order":0,"comment_status":"closed","ping_status":"closed","template":"","meta":{"ngg_post_thumbnail":0,"_links_to":"","_links_to_target":""},"yoast_head":"<!-- This site is optimized with the Yoast SEO plugin v17.5 - https:\/\/yoast.com\/wordpress\/plugins\/seo\/ -->\n<meta name=\"robots\" content=\"index, follow, max-snippet:-1, max-image-preview:large, max-video-preview:-1\" \/>\n<link rel=\"canonical\" href=\"https:\/\/docenciamicrobiologia.umh.es\/en\/presentacion\/colaboradores-umh\/\" \/>\n<meta property=\"og:locale\" content=\"en_US\" \/>\n<meta property=\"og:type\" content=\"article\" \/>\n<meta property=\"og:title\" content=\"UMH Collaborators - MicroWeb UMH\" \/>\n<meta property=\"og:description\" content=\"Faculty members involved in creating and running the website:      M\u00aa Francisca Colom Valiente Consuelo Ferrer Rodr\u00edguez Ana Bel\u00e9n Mart\u00edn Cuadrado Manuel S\u00e1nchez Angulo Marina Torreblanca Calvo   Administration and Services Staff\u00a0 Roc\u00edo Valera S\u00e1nchez        &nbsp; Medical students Brenda Arg\u00fcelles, Luis Arrabal, Jos\u00e9 Mar\u00eda Costa, Rafael Cristobal, Arantzazu Dav\u00f3, Violeta Esteban, Javier Ferr\u00e1ndez,\u00a0 Yaiza Garc\u00eda, Vicky Javaloyes, Cristina L\u00f3pez, Eva Perell\u00f3, Carmen Pons, Javier Ram\u00edrez, Marta Samaniego, [...]\" \/>\n<meta property=\"og:url\" content=\"https:\/\/docenciamicrobiologia.umh.es\/presentacion\/colaboradores-umh\/\" \/>\n<meta property=\"og:site_name\" content=\"MicroWeb UMH\" \/>\n<meta property=\"article:publisher\" content=\"https:\/\/www.facebook.com\/UniversidadMiguelHernandezElche\" \/>\n<meta property=\"article:modified_time\" content=\"2025-07-02T09:35:30+00:00\" \/>\n<meta property=\"og:image\" content=\"https:\/\/docenciamicrobiologia.umh.es\/files\/2021\/11\/EmbeddedImage-28.jpg\" \/>\n<meta name=\"twitter:card\" content=\"summary_large_image\" \/>\n<meta name=\"twitter:site\" content=\"@UniversidadMH\" \/>\n<meta name=\"twitter:label1\" content=\"Est. reading time\" \/>\n\t<meta name=\"twitter:data1\" content=\"2 minutes\" \/>\n<script type=\"application\/ld+json\" class=\"yoast-schema-graph\">{\"@context\":\"https:\/\/schema.org\",\"@graph\":[{\"@type\":\"Organization\",\"@id\":\"https:\/\/docenciamicrobiologia.umh.es\/#organization\",\"name\":\"Universidad Miguel Hern\\u00e1ndez\",\"url\":\"https:\/\/docenciamicrobiologia.umh.es\/\",\"sameAs\":[\"https:\/\/www.facebook.com\/UniversidadMiguelHernandezElche\",\"http:\/\/instagram.com\/universidadmh\",\"http:\/\/es.linkedin.com\/edu\/universidad-miguel-hern\\u00e1ndez-de-elche-12237\",\"http:\/\/youtube.umh.es\/\",\"https:\/\/twitter.com\/UniversidadMH\"],\"logo\":{\"@type\":\"ImageObject\",\"@id\":\"https:\/\/docenciamicrobiologia.umh.es\/#logo\",\"inLanguage\":\"en-US\",\"url\":\"https:\/\/docenciamicrobiologia.umh.es\/files\/2021\/11\/logon.png\",\"contentUrl\":\"https:\/\/docenciamicrobiologia.umh.es\/files\/2021\/11\/logon.png\",\"width\":300,\"height\":100,\"caption\":\"Universidad Miguel Hern\\u00e1ndez\"},\"image\":{\"@id\":\"https:\/\/docenciamicrobiologia.umh.es\/#logo\"}},{\"@type\":\"WebSite\",\"@id\":\"https:\/\/docenciamicrobiologia.umh.es\/#website\",\"url\":\"https:\/\/docenciamicrobiologia.umh.es\/\",\"name\":\"MicroWeb UMH\",\"description\":\"Universidad Miguel Hern\\u00e1ndez de Elche\",\"publisher\":{\"@id\":\"https:\/\/docenciamicrobiologia.umh.es\/#organization\"},\"potentialAction\":[{\"@type\":\"SearchAction\",\"target\":{\"@type\":\"EntryPoint\",\"urlTemplate\":\"https:\/\/docenciamicrobiologia.umh.es\/?s={search_term_string}\"},\"query-input\":\"required name=search_term_string\"}],\"inLanguage\":\"en-US\"},{\"@type\":\"ImageObject\",\"@id\":\"https:\/\/docenciamicrobiologia.umh.es\/presentacion\/colaboradores-umh\/#primaryimage\",\"inLanguage\":\"en-US\",\"url\":\"https:\/\/docenciamicrobiologia.umh.es\/files\/2021\/11\/EmbeddedImage-28.jpg\",\"contentUrl\":\"https:\/\/docenciamicrobiologia.umh.es\/files\/2021\/11\/EmbeddedImage-28.jpg\",\"width\":161,\"height\":176},{\"@type\":\"WebPage\",\"@id\":\"https:\/\/docenciamicrobiologia.umh.es\/presentacion\/colaboradores-umh\/#webpage\",\"url\":\"https:\/\/docenciamicrobiologia.umh.es\/presentacion\/colaboradores-umh\/\",\"name\":\"UMH Collaborators - MicroWeb UMH\",\"isPartOf\":{\"@id\":\"https:\/\/docenciamicrobiologia.umh.es\/#website\"},\"primaryImageOfPage\":{\"@id\":\"https:\/\/docenciamicrobiologia.umh.es\/presentacion\/colaboradores-umh\/#primaryimage\"},\"datePublished\":\"2021-10-11T05:56:25+00:00\",\"dateModified\":\"2025-07-02T09:35:30+00:00\",\"breadcrumb\":{\"@id\":\"https:\/\/docenciamicrobiologia.umh.es\/presentacion\/colaboradores-umh\/#breadcrumb\"},\"inLanguage\":\"en-US\",\"potentialAction\":[{\"@type\":\"ReadAction\",\"target\":[\"https:\/\/docenciamicrobiologia.umh.es\/presentacion\/colaboradores-umh\/\"]}]},{\"@type\":\"BreadcrumbList\",\"@id\":\"https:\/\/docenciamicrobiologia.umh.es\/presentacion\/colaboradores-umh\/#breadcrumb\",\"itemListElement\":[{\"@type\":\"ListItem\",\"position\":1,\"name\":\"Portada\",\"item\":\"https:\/\/docenciamicrobiologia.umh.es\/\"},{\"@type\":\"ListItem\",\"position\":2,\"name\":\"Presentaci\\u00f3n\",\"item\":\"https:\/\/docenciamicrobiologia.umh.es\/\"},{\"@type\":\"ListItem\",\"position\":3,\"name\":\"Colaboradores UMH\"}]}]}<\/script>\n<!-- \/ Yoast SEO plugin. -->","yoast_head_json":{"robots":{"index":"index","follow":"follow","max-snippet":"max-snippet:-1","max-image-preview":"max-image-preview:large","max-video-preview":"max-video-preview:-1"},"canonical":"https:\/\/docenciamicrobiologia.umh.es\/en\/presentacion\/colaboradores-umh\/","og_locale":"en_US","og_type":"article","og_title":"UMH Collaborators - MicroWeb UMH","og_description":"Faculty members involved in creating and running the website:      M\u00aa Francisca Colom Valiente Consuelo Ferrer Rodr\u00edguez Ana Bel\u00e9n Mart\u00edn Cuadrado Manuel S\u00e1nchez Angulo Marina Torreblanca Calvo   Administration and Services Staff\u00a0 Roc\u00edo Valera S\u00e1nchez        &nbsp; Medical students Brenda Arg\u00fcelles, Luis Arrabal, Jos\u00e9 Mar\u00eda Costa, Rafael Cristobal, Arantzazu Dav\u00f3, Violeta Esteban, Javier Ferr\u00e1ndez,\u00a0 Yaiza Garc\u00eda, Vicky Javaloyes, Cristina L\u00f3pez, Eva Perell\u00f3, Carmen Pons, Javier Ram\u00edrez, Marta Samaniego, [...]","og_url":"https:\/\/docenciamicrobiologia.umh.es\/presentacion\/colaboradores-umh\/","og_site_name":"MicroWeb UMH","article_publisher":"https:\/\/www.facebook.com\/UniversidadMiguelHernandezElche","article_modified_time":"2025-07-02T09:35:30+00:00","og_image":[{"url":"https:\/\/docenciamicrobiologia.umh.es\/files\/2021\/11\/EmbeddedImage-28.jpg"}],"twitter_card":"summary_large_image","twitter_site":"@UniversidadMH","twitter_misc":{"Est. reading time":"2 minutes"},"schema":{"@context":"https:\/\/schema.org","@graph":[{"@type":"Organization","@id":"https:\/\/docenciamicrobiologia.umh.es\/#organization","name":"Universidad Miguel Hern\u00e1ndez","url":"https:\/\/docenciamicrobiologia.umh.es\/","sameAs":["https:\/\/www.facebook.com\/UniversidadMiguelHernandezElche","http:\/\/instagram.com\/universidadmh","http:\/\/es.linkedin.com\/edu\/universidad-miguel-hern\u00e1ndez-de-elche-12237","http:\/\/youtube.umh.es\/","https:\/\/twitter.com\/UniversidadMH"],"logo":{"@type":"ImageObject","@id":"https:\/\/docenciamicrobiologia.umh.es\/#logo","inLanguage":"en-US","url":"https:\/\/docenciamicrobiologia.umh.es\/files\/2021\/11\/logon.png","contentUrl":"https:\/\/docenciamicrobiologia.umh.es\/files\/2021\/11\/logon.png","width":300,"height":100,"caption":"Universidad Miguel Hern\u00e1ndez"},"image":{"@id":"https:\/\/docenciamicrobiologia.umh.es\/#logo"}},{"@type":"WebSite","@id":"https:\/\/docenciamicrobiologia.umh.es\/#website","url":"https:\/\/docenciamicrobiologia.umh.es\/","name":"MicroWeb UMH","description":"Universidad Miguel Hern\u00e1ndez de Elche","publisher":{"@id":"https:\/\/docenciamicrobiologia.umh.es\/#organization"},"potentialAction":[{"@type":"SearchAction","target":{"@type":"EntryPoint","urlTemplate":"https:\/\/docenciamicrobiologia.umh.es\/?s={search_term_string}"},"query-input":"required name=search_term_string"}],"inLanguage":"en-US"},{"@type":"ImageObject","@id":"https:\/\/docenciamicrobiologia.umh.es\/presentacion\/colaboradores-umh\/#primaryimage","inLanguage":"en-US","url":"https:\/\/docenciamicrobiologia.umh.es\/files\/2021\/11\/EmbeddedImage-28.jpg","contentUrl":"https:\/\/docenciamicrobiologia.umh.es\/files\/2021\/11\/EmbeddedImage-28.jpg","width":161,"height":176},{"@type":"WebPage","@id":"https:\/\/docenciamicrobiologia.umh.es\/presentacion\/colaboradores-umh\/#webpage","url":"https:\/\/docenciamicrobiologia.umh.es\/presentacion\/colaboradores-umh\/","name":"UMH Collaborators - MicroWeb UMH","isPartOf":{"@id":"https:\/\/docenciamicrobiologia.umh.es\/#website"},"primaryImageOfPage":{"@id":"https:\/\/docenciamicrobiologia.umh.es\/presentacion\/colaboradores-umh\/#primaryimage"},"datePublished":"2021-10-11T05:56:25+00:00","dateModified":"2025-07-02T09:35:30+00:00","breadcrumb":{"@id":"https:\/\/docenciamicrobiologia.umh.es\/presentacion\/colaboradores-umh\/#breadcrumb"},"inLanguage":"en-US","potentialAction":[{"@type":"ReadAction","target":["https:\/\/docenciamicrobiologia.umh.es\/presentacion\/colaboradores-umh\/"]}]},{"@type":"BreadcrumbList","@id":"https:\/\/docenciamicrobiologia.umh.es\/presentacion\/colaboradores-umh\/#breadcrumb","itemListElement":[{"@type":"ListItem","position":1,"name":"Portada","item":"https:\/\/docenciamicrobiologia.umh.es\/"},{"@type":"ListItem","position":2,"name":"Presentaci\u00f3n","item":"https:\/\/docenciamicrobiologia.umh.es\/"},{"@type":"ListItem","position":3,"name":"Colaboradores UMH"}]}]}},"_links":{"self":[{"href":"https:\/\/docenciamicrobiologia.umh.es\/en\/wp-json\/wp\/v2\/pages\/33"}],"collection":[{"href":"https:\/\/docenciamicrobiologia.umh.es\/en\/wp-json\/wp\/v2\/pages"}],"about":[{"href":"https:\/\/docenciamicrobiologia.umh.es\/en\/wp-json\/wp\/v2\/types\/page"}],"author":[{"embeddable":true,"href":"https:\/\/docenciamicrobiologia.umh.es\/en\/wp-json\/wp\/v2\/users\/3"}],"replies":[{"embeddable":true,"href":"https:\/\/docenciamicrobiologia.umh.es\/en\/wp-json\/wp\/v2\/comments?post=33"}],"version-history":[{"count":0,"href":"https:\/\/docenciamicrobiologia.umh.es\/en\/wp-json\/wp\/v2\/pages\/33\/revisions"}],"up":[{"embeddable":true,"href":"https:\/\/docenciamicrobiologia.umh.es\/en\/wp-json\/wp\/v2\/pages\/30"}],"wp:attachment":[{"href":"https:\/\/docenciamicrobiologia.umh.es\/en\/wp-json\/wp\/v2\/media?parent=33"}],"curies":[{"name":"wp","href":"https:\/\/api.w.org\/{rel}","templated":true}]}}