{"id":236,"date":"2021-11-05T13:24:41","date_gmt":"2021-11-05T12:24:41","guid":{"rendered":"https:\/\/docenciamicrobiologia.umh.es\/?page_id=236"},"modified":"2024-11-07T20:35:23","modified_gmt":"2024-11-07T19:35:23","slug":"encuesta-de-satisfaccion","status":"publish","type":"page","link":"https:\/\/docenciamicrobiologia.umh.es\/en\/encuesta-de-satisfaccion\/","title":{"rendered":"Satisfaction survey"},"content":{"rendered":"<p>In this link there is a satisfaction survey with the general lab practicals and with the website in particular. It is very simple, there are only 5 questions and personal comments on the subject matter can be made. It is very important for us to get as much feedback as possible so that we can carry on improving this educational tool.<\/p>\n<p>Thank you very much in advance,<\/p>\n<p>The microbiology academic staff.<\/p>\n<div class=\"freebirdFormviewerViewFormContentWrapper\">\n<div class=\"freebirdFormviewerViewCenteredContent\">\n<div class=\"freebirdFormviewerViewFormCard exportFormCard\">\n<div class=\"freebirdFormviewerViewFormContent\">\n<div class=\"freebirdFormviewerViewItemList\" role=\"list\">\n<div class=\"freebirdFormviewerViewNumberedItemContainer\" role=\"listitem\">\n<div class=\"m2\" data-params=\"%.@.[1222116817,&quot;7. C\u00f3mo valoras la intervenci\u00f3n de los estudiantes en la elaboraci\u00f3n de los materiales del site de microbiolog\u00eda&quot;,&quot;Expresa tu opini\u00f3n como estudiante que recibes informaci\u00f3n de otros estudiantes&quot;,4,[[1000006,[[&quot;Facilita la comprensi\u00f3n de la pr\u00e1ctica&quot;,null,null,null,false],[&quot;No hay diferencia con la explicaci\u00f3n por profesores&quot;,null,null,null,false],[&quot;Se entiende peor que la explicaci\u00f3n por profesores&quot;,null,null,null,false],[&quot;Hace que se infravalore lo que se est\u00e1 explicando y es contraproducente&quot;,null,null,null,false]],true,[],[],null,null,null,false,null,[null,[]]]],null,null,null,[]],&quot;i96&quot;,&quot;i97&quot;,&quot;i98&quot;,false]\">\n<div class=\"freebirdFormviewerComponentsQuestionBaseRoot\">\n<div class=\"freebirdFormviewerComponentsQuestionCheckboxRoot\">\n<div class=\"\" role=\"list\" aria-labelledby=\"i96\" aria-describedby=\"i97 i98 i100\">\n<div class=\"freebirdFormviewerComponentsQuestionCheckboxChoice\" role=\"listitem\">\n<div class=\"docssharedWizToggleLabeledLabelWrapper exportLabelWrapper\">\n<div class=\"docssharedWizToggleLabeledContent\">\n<div class=\"docssharedWizToggleLabeledPrimaryText\">\n<p><a href=\"https:\/\/docs.google.com\/forms\/d\/e\/1FAIpQLSeWHAvTPHwmjvADwXk5kIGquXsW-yPrCbzPNyJQL2-EIGe8eQ\/viewform\">SURVEY<\/a><\/p>\n<p>&nbsp;<\/p>\n<\/div>\n<\/div>\n<\/div>\n<\/div>\n<\/div>\n<\/div>\n<\/div>\n<\/div>\n<\/div>\n<\/div>\n<\/div>\n<\/div>\n<\/div>\n<\/div>\n<p>&nbsp;<\/p>\n<p>&nbsp;<\/p>\n<p style=\"text-align: center\">Educational Innovation Activities Assistance- Vice Rector for Academic Affairs\/Enquiries and technical matters &#8211; Tel: 96 522 2059 &#8211; info@goumh.es<\/p>\n<p><\/p>","protected":false},"excerpt":{"rendered":"<p>In this link there is a satisfaction survey with the general lab practicals and with the website in particular. It is very simple, there are only 5 questions and personal comments on the subject matter can be made. It is very important for us to get as much feedback as possible so that we can [&#8230;]<\/p>\n","protected":false},"author":3782,"featured_media":0,"parent":0,"menu_order":60,"comment_status":"closed","ping_status":"closed","template":"","meta":{"ngg_post_thumbnail":0,"_links_to":"","_links_to_target":""},"yoast_head":"<!-- This site is optimized with the Yoast SEO plugin v17.5 - https:\/\/yoast.com\/wordpress\/plugins\/seo\/ -->\n<meta name=\"robots\" content=\"index, follow, max-snippet:-1, max-image-preview:large, max-video-preview:-1\" \/>\n<link rel=\"canonical\" href=\"https:\/\/docenciamicrobiologia.umh.es\/en\/encuesta-de-satisfaccion\/\" \/>\n<meta property=\"og:locale\" content=\"en_US\" \/>\n<meta property=\"og:type\" content=\"article\" \/>\n<meta property=\"og:title\" content=\"Satisfaction survey - MicroWeb UMH\" \/>\n<meta property=\"og:description\" content=\"In this link there is a satisfaction survey with the general lab practicals and with the website in particular. It is very simple, there are only 5 questions and personal comments on the subject matter can be made. It is very important for us to get as much feedback as possible so that we can [...]\" \/>\n<meta property=\"og:url\" content=\"https:\/\/docenciamicrobiologia.umh.es\/encuesta-de-satisfaccion\/\" \/>\n<meta property=\"og:site_name\" content=\"MicroWeb UMH\" \/>\n<meta property=\"article:publisher\" content=\"https:\/\/www.facebook.com\/UniversidadMiguelHernandezElche\" \/>\n<meta property=\"article:modified_time\" content=\"2024-11-07T19:35:23+00:00\" \/>\n<meta name=\"twitter:card\" content=\"summary_large_image\" \/>\n<meta name=\"twitter:site\" content=\"@UniversidadMH\" \/>\n<meta name=\"twitter:label1\" content=\"Est. reading time\" \/>\n\t<meta name=\"twitter:data1\" content=\"1 minute\" \/>\n<script type=\"application\/ld+json\" class=\"yoast-schema-graph\">{\"@context\":\"https:\/\/schema.org\",\"@graph\":[{\"@type\":\"Organization\",\"@id\":\"https:\/\/docenciamicrobiologia.umh.es\/#organization\",\"name\":\"Universidad Miguel Hern\\u00e1ndez\",\"url\":\"https:\/\/docenciamicrobiologia.umh.es\/\",\"sameAs\":[\"https:\/\/www.facebook.com\/UniversidadMiguelHernandezElche\",\"http:\/\/instagram.com\/universidadmh\",\"http:\/\/es.linkedin.com\/edu\/universidad-miguel-hern\\u00e1ndez-de-elche-12237\",\"http:\/\/youtube.umh.es\/\",\"https:\/\/twitter.com\/UniversidadMH\"],\"logo\":{\"@type\":\"ImageObject\",\"@id\":\"https:\/\/docenciamicrobiologia.umh.es\/#logo\",\"inLanguage\":\"en-US\",\"url\":\"https:\/\/docenciamicrobiologia.umh.es\/files\/2021\/11\/logon.png\",\"contentUrl\":\"https:\/\/docenciamicrobiologia.umh.es\/files\/2021\/11\/logon.png\",\"width\":300,\"height\":100,\"caption\":\"Universidad Miguel Hern\\u00e1ndez\"},\"image\":{\"@id\":\"https:\/\/docenciamicrobiologia.umh.es\/#logo\"}},{\"@type\":\"WebSite\",\"@id\":\"https:\/\/docenciamicrobiologia.umh.es\/#website\",\"url\":\"https:\/\/docenciamicrobiologia.umh.es\/\",\"name\":\"MicroWeb UMH\",\"description\":\"Universidad Miguel Hern\\u00e1ndez de Elche\",\"publisher\":{\"@id\":\"https:\/\/docenciamicrobiologia.umh.es\/#organization\"},\"potentialAction\":[{\"@type\":\"SearchAction\",\"target\":{\"@type\":\"EntryPoint\",\"urlTemplate\":\"https:\/\/docenciamicrobiologia.umh.es\/?s={search_term_string}\"},\"query-input\":\"required name=search_term_string\"}],\"inLanguage\":\"en-US\"},{\"@type\":\"WebPage\",\"@id\":\"https:\/\/docenciamicrobiologia.umh.es\/encuesta-de-satisfaccion\/#webpage\",\"url\":\"https:\/\/docenciamicrobiologia.umh.es\/encuesta-de-satisfaccion\/\",\"name\":\"Satisfaction survey - MicroWeb UMH\",\"isPartOf\":{\"@id\":\"https:\/\/docenciamicrobiologia.umh.es\/#website\"},\"datePublished\":\"2021-11-05T12:24:41+00:00\",\"dateModified\":\"2024-11-07T19:35:23+00:00\",\"breadcrumb\":{\"@id\":\"https:\/\/docenciamicrobiologia.umh.es\/encuesta-de-satisfaccion\/#breadcrumb\"},\"inLanguage\":\"en-US\",\"potentialAction\":[{\"@type\":\"ReadAction\",\"target\":[\"https:\/\/docenciamicrobiologia.umh.es\/encuesta-de-satisfaccion\/\"]}]},{\"@type\":\"BreadcrumbList\",\"@id\":\"https:\/\/docenciamicrobiologia.umh.es\/encuesta-de-satisfaccion\/#breadcrumb\",\"itemListElement\":[{\"@type\":\"ListItem\",\"position\":1,\"name\":\"Portada\",\"item\":\"https:\/\/docenciamicrobiologia.umh.es\/\"},{\"@type\":\"ListItem\",\"position\":2,\"name\":\"Encuesta de satisfacci\\u00f3n\"}]}]}<\/script>\n<!-- \/ Yoast SEO plugin. -->","yoast_head_json":{"robots":{"index":"index","follow":"follow","max-snippet":"max-snippet:-1","max-image-preview":"max-image-preview:large","max-video-preview":"max-video-preview:-1"},"canonical":"https:\/\/docenciamicrobiologia.umh.es\/en\/encuesta-de-satisfaccion\/","og_locale":"en_US","og_type":"article","og_title":"Satisfaction survey - MicroWeb UMH","og_description":"In this link there is a satisfaction survey with the general lab practicals and with the website in particular. It is very simple, there are only 5 questions and personal comments on the subject matter can be made. It is very important for us to get as much feedback as possible so that we can [...]","og_url":"https:\/\/docenciamicrobiologia.umh.es\/encuesta-de-satisfaccion\/","og_site_name":"MicroWeb UMH","article_publisher":"https:\/\/www.facebook.com\/UniversidadMiguelHernandezElche","article_modified_time":"2024-11-07T19:35:23+00:00","twitter_card":"summary_large_image","twitter_site":"@UniversidadMH","twitter_misc":{"Est. reading time":"1 minute"},"schema":{"@context":"https:\/\/schema.org","@graph":[{"@type":"Organization","@id":"https:\/\/docenciamicrobiologia.umh.es\/#organization","name":"Universidad Miguel Hern\u00e1ndez","url":"https:\/\/docenciamicrobiologia.umh.es\/","sameAs":["https:\/\/www.facebook.com\/UniversidadMiguelHernandezElche","http:\/\/instagram.com\/universidadmh","http:\/\/es.linkedin.com\/edu\/universidad-miguel-hern\u00e1ndez-de-elche-12237","http:\/\/youtube.umh.es\/","https:\/\/twitter.com\/UniversidadMH"],"logo":{"@type":"ImageObject","@id":"https:\/\/docenciamicrobiologia.umh.es\/#logo","inLanguage":"en-US","url":"https:\/\/docenciamicrobiologia.umh.es\/files\/2021\/11\/logon.png","contentUrl":"https:\/\/docenciamicrobiologia.umh.es\/files\/2021\/11\/logon.png","width":300,"height":100,"caption":"Universidad Miguel Hern\u00e1ndez"},"image":{"@id":"https:\/\/docenciamicrobiologia.umh.es\/#logo"}},{"@type":"WebSite","@id":"https:\/\/docenciamicrobiologia.umh.es\/#website","url":"https:\/\/docenciamicrobiologia.umh.es\/","name":"MicroWeb UMH","description":"Universidad Miguel Hern\u00e1ndez de Elche","publisher":{"@id":"https:\/\/docenciamicrobiologia.umh.es\/#organization"},"potentialAction":[{"@type":"SearchAction","target":{"@type":"EntryPoint","urlTemplate":"https:\/\/docenciamicrobiologia.umh.es\/?s={search_term_string}"},"query-input":"required name=search_term_string"}],"inLanguage":"en-US"},{"@type":"WebPage","@id":"https:\/\/docenciamicrobiologia.umh.es\/encuesta-de-satisfaccion\/#webpage","url":"https:\/\/docenciamicrobiologia.umh.es\/encuesta-de-satisfaccion\/","name":"Satisfaction survey - MicroWeb UMH","isPartOf":{"@id":"https:\/\/docenciamicrobiologia.umh.es\/#website"},"datePublished":"2021-11-05T12:24:41+00:00","dateModified":"2024-11-07T19:35:23+00:00","breadcrumb":{"@id":"https:\/\/docenciamicrobiologia.umh.es\/encuesta-de-satisfaccion\/#breadcrumb"},"inLanguage":"en-US","potentialAction":[{"@type":"ReadAction","target":["https:\/\/docenciamicrobiologia.umh.es\/encuesta-de-satisfaccion\/"]}]},{"@type":"BreadcrumbList","@id":"https:\/\/docenciamicrobiologia.umh.es\/encuesta-de-satisfaccion\/#breadcrumb","itemListElement":[{"@type":"ListItem","position":1,"name":"Portada","item":"https:\/\/docenciamicrobiologia.umh.es\/"},{"@type":"ListItem","position":2,"name":"Encuesta de satisfacci\u00f3n"}]}]}},"_links":{"self":[{"href":"https:\/\/docenciamicrobiologia.umh.es\/en\/wp-json\/wp\/v2\/pages\/236"}],"collection":[{"href":"https:\/\/docenciamicrobiologia.umh.es\/en\/wp-json\/wp\/v2\/pages"}],"about":[{"href":"https:\/\/docenciamicrobiologia.umh.es\/en\/wp-json\/wp\/v2\/types\/page"}],"author":[{"embeddable":true,"href":"https:\/\/docenciamicrobiologia.umh.es\/en\/wp-json\/wp\/v2\/users\/3782"}],"replies":[{"embeddable":true,"href":"https:\/\/docenciamicrobiologia.umh.es\/en\/wp-json\/wp\/v2\/comments?post=236"}],"version-history":[{"count":0,"href":"https:\/\/docenciamicrobiologia.umh.es\/en\/wp-json\/wp\/v2\/pages\/236\/revisions"}],"wp:attachment":[{"href":"https:\/\/docenciamicrobiologia.umh.es\/en\/wp-json\/wp\/v2\/media?parent=236"}],"curies":[{"name":"wp","href":"https:\/\/api.w.org\/{rel}","templated":true}]}}