{"id":203,"date":"2021-11-05T13:19:04","date_gmt":"2021-11-05T12:19:04","guid":{"rendered":"https:\/\/docenciamicrobiologia.umh.es\/?page_id=203"},"modified":"2023-02-05T01:08:23","modified_gmt":"2023-02-05T00:08:23","slug":"enterobius-vermicularis","status":"publish","type":"page","link":"https:\/\/docenciamicrobiologia.umh.es\/en\/indice-de-practicas\/8-observacion-microscopica\/observacion-microscopica-de-parasitos\/enterobius-vermicularis\/","title":{"rendered":"Enterobius vermicularis"},"content":{"rendered":"<p><img loading=\"lazy\" class=\"alignnone\" style=\"float: left;margin: 20px\" src=\"https:\/\/docenciamicrobiologia.umh.es\/files\/2021\/11\/Imagen8.png\" alt=\"\" width=\"296\" height=\"166\" \/><\/p>\n<p><i><span style=\"font-weight: 400\">Enterobius vermicularis <\/span><\/i><span style=\"font-weight: 400\">is a small human nematode parasite that is commonly known as the pinworm. It causes the intestinal infection known as oxyuriasis, or enterobiasis. <\/span><\/p>\n<p><span style=\"font-weight: 400\">Pinworms are parasites that are found all around the world. They mainly infect children under 12, who get infected by eating contaminated food or due to the\u00a0 \u00a0 dispersion of eggs, after the carrier touches their anus if it itches due to the eggs being laid in the perianal area, then the eggs attach to their fingertips and they contaminate a new carrier when they are swallowed, which after hatching in the intestine, start a new cycle<\/span><i><span style=\"font-weight: 400\">.<\/span><\/i><\/p>\n<div style=\"text-align: center\">\n<table style=\"border: hidden;margin: 0 auto\">\n<tbody>\n<tr style=\"border: hidden\">\n<td style=\"border: hidden;text-align: center\"><\/td>\n<td><img class=\"aligncenter\" \/><img loading=\"lazy\" class=\"alignnone wp-image-709\" src=\"https:\/\/docenciamicrobiologia.umh.es\/files\/2021\/11\/Imagen9.png\" alt=\"\" width=\"270\" height=\"195\" \/><br \/>\n<img loading=\"lazy\" class=\"aligncenter\" src=\"https:\/\/docenciamicrobiologia.umh.es\/files\/2021\/11\/Imagen11.png\" alt=\"\" width=\"270\" height=\"165\" \/><\/td>\n<td><img loading=\"lazy\" class=\"aligncenter\" src=\"https:\/\/docenciamicrobiologia.umh.es\/files\/2021\/11\/Imagen10.png\" alt=\"\" width=\"450\" height=\"240\" \/><br \/>\n<strong><br \/>\nCYCLE<\/strong><\/td>\n<\/tr>\n<tr style=\"border: hidden\">\n<td style=\"text-align: center;border: hidden\"><\/td>\n<td style=\"text-align: center;border: hidden\"><\/td>\n<\/tr>\n<\/tbody>\n<\/table>\n<p>&nbsp;<\/p>\n<\/div>\n<div style=\"text-align: center\"><\/div>\n<p><span style=\"font-size: 14px\"> Apoyo a acciones de Innovaci\u00f3n Docente &#8211; Vicerrectorado de Estudios \/ Consultas e incidencias t\u00e9cnicas- Tlf: 96 522 2059 &#8211; <a href=\"mailto:info@goumh.es\" target=\"_blank\" rel=\"noopener\">info@goumh.es <\/a><\/span><\/p>","protected":false},"excerpt":{"rendered":"<p>Enterobius vermicularis is a small human nematode parasite that is commonly known as the pinworm. It causes the intestinal infection known as oxyuriasis, or enterobiasis.<br \/>\nPinworms are parasites that are found all around the world. They mainly infect children under 12, who get infected by eating contaminated food or due to the\u00a0 \u00a0 dispersion of [&#8230;]<\/p>\n","protected":false},"author":3782,"featured_media":0,"parent":170,"menu_order":0,"comment_status":"closed","ping_status":"closed","template":"","meta":{"ngg_post_thumbnail":0,"_links_to":"","_links_to_target":""},"yoast_head":"<!-- This site is optimized with the Yoast SEO plugin v17.5 - https:\/\/yoast.com\/wordpress\/plugins\/seo\/ -->\n<meta name=\"robots\" content=\"index, follow, max-snippet:-1, max-image-preview:large, max-video-preview:-1\" \/>\n<link rel=\"canonical\" href=\"https:\/\/docenciamicrobiologia.umh.es\/en\/indice-de-practicas\/8-observacion-microscopica\/observacion-microscopica-de-parasitos\/enterobius-vermicularis\/\" \/>\n<meta property=\"og:locale\" content=\"en_US\" \/>\n<meta property=\"og:type\" content=\"article\" \/>\n<meta property=\"og:title\" content=\"Enterobius vermicularis - MicroWeb UMH\" \/>\n<meta property=\"og:description\" content=\"Enterobius vermicularis is a small human nematode parasite that is commonly known as the pinworm. It causes the intestinal infection known as oxyuriasis, or enterobiasis. Pinworms are parasites that are found all around the world. They mainly infect children under 12, who get infected by eating contaminated food or due to the\u00a0 \u00a0 dispersion of [...]\" \/>\n<meta property=\"og:url\" content=\"https:\/\/docenciamicrobiologia.umh.es\/indice-de-practicas\/8-observacion-microscopica\/observacion-microscopica-de-parasitos\/enterobius-vermicularis\/\" \/>\n<meta property=\"og:site_name\" content=\"MicroWeb UMH\" \/>\n<meta property=\"article:publisher\" content=\"https:\/\/www.facebook.com\/UniversidadMiguelHernandezElche\" \/>\n<meta property=\"article:modified_time\" content=\"2023-02-05T00:08:23+00:00\" \/>\n<meta property=\"og:image\" content=\"https:\/\/docenciamicrobiologia.umh.es\/files\/2021\/11\/Imagen8.png\" \/>\n<meta name=\"twitter:card\" content=\"summary_large_image\" \/>\n<meta name=\"twitter:site\" content=\"@UniversidadMH\" \/>\n<meta name=\"twitter:label1\" content=\"Est. reading time\" \/>\n\t<meta name=\"twitter:data1\" content=\"2 minutes\" \/>\n<script type=\"application\/ld+json\" class=\"yoast-schema-graph\">{\"@context\":\"https:\/\/schema.org\",\"@graph\":[{\"@type\":\"Organization\",\"@id\":\"https:\/\/docenciamicrobiologia.umh.es\/#organization\",\"name\":\"Universidad Miguel Hern\\u00e1ndez\",\"url\":\"https:\/\/docenciamicrobiologia.umh.es\/\",\"sameAs\":[\"https:\/\/www.facebook.com\/UniversidadMiguelHernandezElche\",\"http:\/\/instagram.com\/universidadmh\",\"http:\/\/es.linkedin.com\/edu\/universidad-miguel-hern\\u00e1ndez-de-elche-12237\",\"http:\/\/youtube.umh.es\/\",\"https:\/\/twitter.com\/UniversidadMH\"],\"logo\":{\"@type\":\"ImageObject\",\"@id\":\"https:\/\/docenciamicrobiologia.umh.es\/#logo\",\"inLanguage\":\"en-US\",\"url\":\"https:\/\/docenciamicrobiologia.umh.es\/files\/2021\/11\/logon.png\",\"contentUrl\":\"https:\/\/docenciamicrobiologia.umh.es\/files\/2021\/11\/logon.png\",\"width\":300,\"height\":100,\"caption\":\"Universidad Miguel Hern\\u00e1ndez\"},\"image\":{\"@id\":\"https:\/\/docenciamicrobiologia.umh.es\/#logo\"}},{\"@type\":\"WebSite\",\"@id\":\"https:\/\/docenciamicrobiologia.umh.es\/#website\",\"url\":\"https:\/\/docenciamicrobiologia.umh.es\/\",\"name\":\"MicroWeb UMH\",\"description\":\"Universidad Miguel Hern\\u00e1ndez de Elche\",\"publisher\":{\"@id\":\"https:\/\/docenciamicrobiologia.umh.es\/#organization\"},\"potentialAction\":[{\"@type\":\"SearchAction\",\"target\":{\"@type\":\"EntryPoint\",\"urlTemplate\":\"https:\/\/docenciamicrobiologia.umh.es\/?s={search_term_string}\"},\"query-input\":\"required name=search_term_string\"}],\"inLanguage\":\"en-US\"},{\"@type\":\"ImageObject\",\"@id\":\"https:\/\/docenciamicrobiologia.umh.es\/indice-de-practicas\/8-observacion-microscopica\/observacion-microscopica-de-parasitos\/enterobius-vermicularis\/#primaryimage\",\"inLanguage\":\"en-US\",\"url\":\"https:\/\/docenciamicrobiologia.umh.es\/files\/2021\/11\/Imagen8.png\",\"contentUrl\":\"https:\/\/docenciamicrobiologia.umh.es\/files\/2021\/11\/Imagen8.png\",\"width\":289,\"height\":162},{\"@type\":\"WebPage\",\"@id\":\"https:\/\/docenciamicrobiologia.umh.es\/indice-de-practicas\/8-observacion-microscopica\/observacion-microscopica-de-parasitos\/enterobius-vermicularis\/#webpage\",\"url\":\"https:\/\/docenciamicrobiologia.umh.es\/indice-de-practicas\/8-observacion-microscopica\/observacion-microscopica-de-parasitos\/enterobius-vermicularis\/\",\"name\":\"Enterobius vermicularis - MicroWeb UMH\",\"isPartOf\":{\"@id\":\"https:\/\/docenciamicrobiologia.umh.es\/#website\"},\"primaryImageOfPage\":{\"@id\":\"https:\/\/docenciamicrobiologia.umh.es\/indice-de-practicas\/8-observacion-microscopica\/observacion-microscopica-de-parasitos\/enterobius-vermicularis\/#primaryimage\"},\"datePublished\":\"2021-11-05T12:19:04+00:00\",\"dateModified\":\"2023-02-05T00:08:23+00:00\",\"breadcrumb\":{\"@id\":\"https:\/\/docenciamicrobiologia.umh.es\/indice-de-practicas\/8-observacion-microscopica\/observacion-microscopica-de-parasitos\/enterobius-vermicularis\/#breadcrumb\"},\"inLanguage\":\"en-US\",\"potentialAction\":[{\"@type\":\"ReadAction\",\"target\":[\"https:\/\/docenciamicrobiologia.umh.es\/indice-de-practicas\/8-observacion-microscopica\/observacion-microscopica-de-parasitos\/enterobius-vermicularis\/\"]}]},{\"@type\":\"BreadcrumbList\",\"@id\":\"https:\/\/docenciamicrobiologia.umh.es\/indice-de-practicas\/8-observacion-microscopica\/observacion-microscopica-de-parasitos\/enterobius-vermicularis\/#breadcrumb\",\"itemListElement\":[{\"@type\":\"ListItem\",\"position\":1,\"name\":\"Portada\",\"item\":\"https:\/\/docenciamicrobiologia.umh.es\/\"},{\"@type\":\"ListItem\",\"position\":2,\"name\":\"\\u00cdndice de Pr\\u00e1cticas\",\"item\":\"https:\/\/docenciamicrobiologia.umh.es\/indice-de-practicas\/\"},{\"@type\":\"ListItem\",\"position\":3,\"name\":\"8. Observaci\\u00f3n Microsc\\u00f3pica\",\"item\":\"https:\/\/docenciamicrobiologia.umh.es\/indice-de-practicas\/8-observacion-microscopica\/\"},{\"@type\":\"ListItem\",\"position\":4,\"name\":\"Observaci\\u00f3n microsc\\u00f3pica de par\\u00e1sitos\",\"item\":\"https:\/\/docenciamicrobiologia.umh.es\/indice-de-practicas\/8-observacion-microscopica\/observacion-microscopica-de-parasitos\/\"},{\"@type\":\"ListItem\",\"position\":5,\"name\":\"Enterobius vermicularis\"}]}]}<\/script>\n<!-- \/ Yoast SEO plugin. -->","yoast_head_json":{"robots":{"index":"index","follow":"follow","max-snippet":"max-snippet:-1","max-image-preview":"max-image-preview:large","max-video-preview":"max-video-preview:-1"},"canonical":"https:\/\/docenciamicrobiologia.umh.es\/en\/indice-de-practicas\/8-observacion-microscopica\/observacion-microscopica-de-parasitos\/enterobius-vermicularis\/","og_locale":"en_US","og_type":"article","og_title":"Enterobius vermicularis - MicroWeb UMH","og_description":"Enterobius vermicularis is a small human nematode parasite that is commonly known as the pinworm. It causes the intestinal infection known as oxyuriasis, or enterobiasis. Pinworms are parasites that are found all around the world. They mainly infect children under 12, who get infected by eating contaminated food or due to the\u00a0 \u00a0 dispersion of [...]","og_url":"https:\/\/docenciamicrobiologia.umh.es\/indice-de-practicas\/8-observacion-microscopica\/observacion-microscopica-de-parasitos\/enterobius-vermicularis\/","og_site_name":"MicroWeb UMH","article_publisher":"https:\/\/www.facebook.com\/UniversidadMiguelHernandezElche","article_modified_time":"2023-02-05T00:08:23+00:00","og_image":[{"url":"https:\/\/docenciamicrobiologia.umh.es\/files\/2021\/11\/Imagen8.png"}],"twitter_card":"summary_large_image","twitter_site":"@UniversidadMH","twitter_misc":{"Est. reading time":"2 minutes"},"schema":{"@context":"https:\/\/schema.org","@graph":[{"@type":"Organization","@id":"https:\/\/docenciamicrobiologia.umh.es\/#organization","name":"Universidad Miguel Hern\u00e1ndez","url":"https:\/\/docenciamicrobiologia.umh.es\/","sameAs":["https:\/\/www.facebook.com\/UniversidadMiguelHernandezElche","http:\/\/instagram.com\/universidadmh","http:\/\/es.linkedin.com\/edu\/universidad-miguel-hern\u00e1ndez-de-elche-12237","http:\/\/youtube.umh.es\/","https:\/\/twitter.com\/UniversidadMH"],"logo":{"@type":"ImageObject","@id":"https:\/\/docenciamicrobiologia.umh.es\/#logo","inLanguage":"en-US","url":"https:\/\/docenciamicrobiologia.umh.es\/files\/2021\/11\/logon.png","contentUrl":"https:\/\/docenciamicrobiologia.umh.es\/files\/2021\/11\/logon.png","width":300,"height":100,"caption":"Universidad Miguel Hern\u00e1ndez"},"image":{"@id":"https:\/\/docenciamicrobiologia.umh.es\/#logo"}},{"@type":"WebSite","@id":"https:\/\/docenciamicrobiologia.umh.es\/#website","url":"https:\/\/docenciamicrobiologia.umh.es\/","name":"MicroWeb UMH","description":"Universidad Miguel Hern\u00e1ndez de Elche","publisher":{"@id":"https:\/\/docenciamicrobiologia.umh.es\/#organization"},"potentialAction":[{"@type":"SearchAction","target":{"@type":"EntryPoint","urlTemplate":"https:\/\/docenciamicrobiologia.umh.es\/?s={search_term_string}"},"query-input":"required name=search_term_string"}],"inLanguage":"en-US"},{"@type":"ImageObject","@id":"https:\/\/docenciamicrobiologia.umh.es\/indice-de-practicas\/8-observacion-microscopica\/observacion-microscopica-de-parasitos\/enterobius-vermicularis\/#primaryimage","inLanguage":"en-US","url":"https:\/\/docenciamicrobiologia.umh.es\/files\/2021\/11\/Imagen8.png","contentUrl":"https:\/\/docenciamicrobiologia.umh.es\/files\/2021\/11\/Imagen8.png","width":289,"height":162},{"@type":"WebPage","@id":"https:\/\/docenciamicrobiologia.umh.es\/indice-de-practicas\/8-observacion-microscopica\/observacion-microscopica-de-parasitos\/enterobius-vermicularis\/#webpage","url":"https:\/\/docenciamicrobiologia.umh.es\/indice-de-practicas\/8-observacion-microscopica\/observacion-microscopica-de-parasitos\/enterobius-vermicularis\/","name":"Enterobius vermicularis - MicroWeb UMH","isPartOf":{"@id":"https:\/\/docenciamicrobiologia.umh.es\/#website"},"primaryImageOfPage":{"@id":"https:\/\/docenciamicrobiologia.umh.es\/indice-de-practicas\/8-observacion-microscopica\/observacion-microscopica-de-parasitos\/enterobius-vermicularis\/#primaryimage"},"datePublished":"2021-11-05T12:19:04+00:00","dateModified":"2023-02-05T00:08:23+00:00","breadcrumb":{"@id":"https:\/\/docenciamicrobiologia.umh.es\/indice-de-practicas\/8-observacion-microscopica\/observacion-microscopica-de-parasitos\/enterobius-vermicularis\/#breadcrumb"},"inLanguage":"en-US","potentialAction":[{"@type":"ReadAction","target":["https:\/\/docenciamicrobiologia.umh.es\/indice-de-practicas\/8-observacion-microscopica\/observacion-microscopica-de-parasitos\/enterobius-vermicularis\/"]}]},{"@type":"BreadcrumbList","@id":"https:\/\/docenciamicrobiologia.umh.es\/indice-de-practicas\/8-observacion-microscopica\/observacion-microscopica-de-parasitos\/enterobius-vermicularis\/#breadcrumb","itemListElement":[{"@type":"ListItem","position":1,"name":"Portada","item":"https:\/\/docenciamicrobiologia.umh.es\/"},{"@type":"ListItem","position":2,"name":"\u00cdndice de Pr\u00e1cticas","item":"https:\/\/docenciamicrobiologia.umh.es\/indice-de-practicas\/"},{"@type":"ListItem","position":3,"name":"8. Observaci\u00f3n Microsc\u00f3pica","item":"https:\/\/docenciamicrobiologia.umh.es\/indice-de-practicas\/8-observacion-microscopica\/"},{"@type":"ListItem","position":4,"name":"Observaci\u00f3n microsc\u00f3pica de par\u00e1sitos","item":"https:\/\/docenciamicrobiologia.umh.es\/indice-de-practicas\/8-observacion-microscopica\/observacion-microscopica-de-parasitos\/"},{"@type":"ListItem","position":5,"name":"Enterobius vermicularis"}]}]}},"_links":{"self":[{"href":"https:\/\/docenciamicrobiologia.umh.es\/en\/wp-json\/wp\/v2\/pages\/203"}],"collection":[{"href":"https:\/\/docenciamicrobiologia.umh.es\/en\/wp-json\/wp\/v2\/pages"}],"about":[{"href":"https:\/\/docenciamicrobiologia.umh.es\/en\/wp-json\/wp\/v2\/types\/page"}],"author":[{"embeddable":true,"href":"https:\/\/docenciamicrobiologia.umh.es\/en\/wp-json\/wp\/v2\/users\/3782"}],"replies":[{"embeddable":true,"href":"https:\/\/docenciamicrobiologia.umh.es\/en\/wp-json\/wp\/v2\/comments?post=203"}],"version-history":[{"count":0,"href":"https:\/\/docenciamicrobiologia.umh.es\/en\/wp-json\/wp\/v2\/pages\/203\/revisions"}],"up":[{"embeddable":true,"href":"https:\/\/docenciamicrobiologia.umh.es\/en\/wp-json\/wp\/v2\/pages\/170"}],"wp:attachment":[{"href":"https:\/\/docenciamicrobiologia.umh.es\/en\/wp-json\/wp\/v2\/media?parent=203"}],"curies":[{"name":"wp","href":"https:\/\/api.w.org\/{rel}","templated":true}]}}