{"id":2014,"date":"2025-07-23T12:19:44","date_gmt":"2025-07-23T10:19:44","guid":{"rendered":"https:\/\/docenciamicrobiologia.umh.es\/?page_id=2014"},"modified":"2025-07-23T13:06:40","modified_gmt":"2025-07-23T11:06:40","slug":"visualizacion-de-la-capsula-mediante-tincion-negativa","status":"publish","type":"page","link":"https:\/\/docenciamicrobiologia.umh.es\/en\/indice-de-practicas\/13-mecanismos-de-patogenicidad\/visualizacion-de-la-capsula-mediante-tincion-negativa\/","title":{"rendered":"<span lang=\"es\">(Espa\u00f1ol) Visualizaci\u00f3n de la c\u00e1psula mediante tinci\u00f3n negativa<\/span>"},"content":{"rendered":"<p class=\"qtranxs-available-languages-message qtranxs-available-languages-message-en\">Sorry, this entry is only available in <a href=\"https:\/\/docenciamicrobiologia.umh.es\/es\/wp-json\/wp\/v2\/pages\/2014\" class=\"qtranxs-available-language-link qtranxs-available-language-link-es\" title=\"Espa\u00f1ol\">European Spanish<\/a>.<\/p>","protected":false},"excerpt":{"rendered":"<p>Sorry, this entry is only available in European Spanish.<\/p>\n","protected":false},"author":3396,"featured_media":0,"parent":1933,"menu_order":0,"comment_status":"closed","ping_status":"closed","template":"","meta":{"ngg_post_thumbnail":0,"_links_to":"","_links_to_target":""},"yoast_head":"<!-- This site is optimized with the Yoast SEO plugin v17.5 - https:\/\/yoast.com\/wordpress\/plugins\/seo\/ -->\n<meta name=\"robots\" content=\"index, follow, max-snippet:-1, max-image-preview:large, max-video-preview:-1\" \/>\n<link rel=\"canonical\" href=\"https:\/\/docenciamicrobiologia.umh.es\/en\/indice-de-practicas\/13-mecanismos-de-patogenicidad\/visualizacion-de-la-capsula-mediante-tincion-negativa\/\" \/>\n<meta property=\"og:locale\" content=\"en_US\" \/>\n<meta property=\"og:type\" content=\"article\" \/>\n<meta property=\"og:title\" content=\"(Espa\u00f1ol) Visualizaci\u00f3n de la c\u00e1psula mediante tinci\u00f3n negativa - MicroWeb UMH\" \/>\n<meta property=\"og:description\" content=\"Sorry, this entry is only available in European Spanish.\" \/>\n<meta property=\"og:url\" content=\"https:\/\/docenciamicrobiologia.umh.es\/indice-de-practicas\/13-mecanismos-de-patogenicidad\/visualizacion-de-la-capsula-mediante-tincion-negativa\/\" \/>\n<meta property=\"og:site_name\" content=\"MicroWeb UMH\" \/>\n<meta property=\"article:publisher\" content=\"https:\/\/www.facebook.com\/UniversidadMiguelHernandezElche\" \/>\n<meta property=\"article:modified_time\" content=\"2025-07-23T11:06:40+00:00\" \/>\n<meta property=\"og:image\" content=\"https:\/\/docenciamicrobiologia.umh.es\/files\/2025\/07\/a062486f-ac83-46e6-8ad0-b3aa96149bd8-e1753268152281.jpg\" \/>\n<meta name=\"twitter:card\" content=\"summary_large_image\" \/>\n<meta name=\"twitter:site\" content=\"@UniversidadMH\" \/>\n<meta name=\"twitter:label1\" content=\"Est. reading time\" \/>\n\t<meta name=\"twitter:data1\" content=\"2 minutes\" \/>\n<script type=\"application\/ld+json\" class=\"yoast-schema-graph\">{\"@context\":\"https:\/\/schema.org\",\"@graph\":[{\"@type\":\"Organization\",\"@id\":\"https:\/\/docenciamicrobiologia.umh.es\/#organization\",\"name\":\"Universidad Miguel Hern\\u00e1ndez\",\"url\":\"https:\/\/docenciamicrobiologia.umh.es\/\",\"sameAs\":[\"https:\/\/www.facebook.com\/UniversidadMiguelHernandezElche\",\"http:\/\/instagram.com\/universidadmh\",\"http:\/\/es.linkedin.com\/edu\/universidad-miguel-hern\\u00e1ndez-de-elche-12237\",\"http:\/\/youtube.umh.es\/\",\"https:\/\/twitter.com\/UniversidadMH\"],\"logo\":{\"@type\":\"ImageObject\",\"@id\":\"https:\/\/docenciamicrobiologia.umh.es\/#logo\",\"inLanguage\":\"en-US\",\"url\":\"https:\/\/docenciamicrobiologia.umh.es\/files\/2021\/11\/logon.png\",\"contentUrl\":\"https:\/\/docenciamicrobiologia.umh.es\/files\/2021\/11\/logon.png\",\"width\":300,\"height\":100,\"caption\":\"Universidad Miguel Hern\\u00e1ndez\"},\"image\":{\"@id\":\"https:\/\/docenciamicrobiologia.umh.es\/#logo\"}},{\"@type\":\"WebSite\",\"@id\":\"https:\/\/docenciamicrobiologia.umh.es\/#website\",\"url\":\"https:\/\/docenciamicrobiologia.umh.es\/\",\"name\":\"MicroWeb UMH\",\"description\":\"Universidad Miguel Hern\\u00e1ndez de Elche\",\"publisher\":{\"@id\":\"https:\/\/docenciamicrobiologia.umh.es\/#organization\"},\"potentialAction\":[{\"@type\":\"SearchAction\",\"target\":{\"@type\":\"EntryPoint\",\"urlTemplate\":\"https:\/\/docenciamicrobiologia.umh.es\/?s={search_term_string}\"},\"query-input\":\"required name=search_term_string\"}],\"inLanguage\":\"en-US\"},{\"@type\":\"ImageObject\",\"@id\":\"https:\/\/docenciamicrobiologia.umh.es\/indice-de-practicas\/13-mecanismos-de-patogenicidad\/visualizacion-de-la-capsula-mediante-tincion-negativa\/#primaryimage\",\"inLanguage\":\"en-US\",\"url\":\"https:\/\/docenciamicrobiologia.umh.es\/files\/2025\/07\/a062486f-ac83-46e6-8ad0-b3aa96149bd8-e1753268152281.jpg\",\"contentUrl\":\"https:\/\/docenciamicrobiologia.umh.es\/files\/2025\/07\/a062486f-ac83-46e6-8ad0-b3aa96149bd8-e1753268152281.jpg\",\"width\":775,\"height\":911},{\"@type\":\"WebPage\",\"@id\":\"https:\/\/docenciamicrobiologia.umh.es\/indice-de-practicas\/13-mecanismos-de-patogenicidad\/visualizacion-de-la-capsula-mediante-tincion-negativa\/#webpage\",\"url\":\"https:\/\/docenciamicrobiologia.umh.es\/indice-de-practicas\/13-mecanismos-de-patogenicidad\/visualizacion-de-la-capsula-mediante-tincion-negativa\/\",\"name\":\"<span lang=\\\"es\\\">(Espa\\u00f1ol) Visualizaci\\u00f3n de la c\\u00e1psula mediante tinci\\u00f3n negativa - MicroWeb UMH<\/span>\",\"isPartOf\":{\"@id\":\"https:\/\/docenciamicrobiologia.umh.es\/#website\"},\"primaryImageOfPage\":{\"@id\":\"https:\/\/docenciamicrobiologia.umh.es\/indice-de-practicas\/13-mecanismos-de-patogenicidad\/visualizacion-de-la-capsula-mediante-tincion-negativa\/#primaryimage\"},\"datePublished\":\"2025-07-23T10:19:44+00:00\",\"dateModified\":\"2025-07-23T11:06:40+00:00\",\"breadcrumb\":{\"@id\":\"https:\/\/docenciamicrobiologia.umh.es\/indice-de-practicas\/13-mecanismos-de-patogenicidad\/visualizacion-de-la-capsula-mediante-tincion-negativa\/#breadcrumb\"},\"inLanguage\":\"en-US\",\"potentialAction\":[{\"@type\":\"ReadAction\",\"target\":[\"https:\/\/docenciamicrobiologia.umh.es\/indice-de-practicas\/13-mecanismos-de-patogenicidad\/visualizacion-de-la-capsula-mediante-tincion-negativa\/\"]}]},{\"@type\":\"BreadcrumbList\",\"@id\":\"https:\/\/docenciamicrobiologia.umh.es\/indice-de-practicas\/13-mecanismos-de-patogenicidad\/visualizacion-de-la-capsula-mediante-tincion-negativa\/#breadcrumb\",\"itemListElement\":[{\"@type\":\"ListItem\",\"position\":1,\"name\":\"Portada\",\"item\":\"https:\/\/docenciamicrobiologia.umh.es\/\"},{\"@type\":\"ListItem\",\"position\":2,\"name\":\"\\u00cdndice de Pr\\u00e1cticas\",\"item\":\"https:\/\/docenciamicrobiologia.umh.es\/indice-de-practicas\/\"},{\"@type\":\"ListItem\",\"position\":3,\"name\":\"13. Mecanismos de patogenicidad\",\"item\":\"https:\/\/docenciamicrobiologia.umh.es\/indice-de-practicas\/13-mecanismos-de-patogenicidad\/\"},{\"@type\":\"ListItem\",\"position\":4,\"name\":\"Visualizaci\\u00f3n de la c\\u00e1psula mediante tinci\\u00f3n negativa\"}]}]}<\/script>\n<!-- \/ Yoast SEO plugin. -->","yoast_head_json":{"robots":{"index":"index","follow":"follow","max-snippet":"max-snippet:-1","max-image-preview":"max-image-preview:large","max-video-preview":"max-video-preview:-1"},"canonical":"https:\/\/docenciamicrobiologia.umh.es\/en\/indice-de-practicas\/13-mecanismos-de-patogenicidad\/visualizacion-de-la-capsula-mediante-tincion-negativa\/","og_locale":"en_US","og_type":"article","og_title":"(Espa\u00f1ol) Visualizaci\u00f3n de la c\u00e1psula mediante tinci\u00f3n negativa - MicroWeb UMH","og_description":"Sorry, this entry is only available in European Spanish.","og_url":"https:\/\/docenciamicrobiologia.umh.es\/indice-de-practicas\/13-mecanismos-de-patogenicidad\/visualizacion-de-la-capsula-mediante-tincion-negativa\/","og_site_name":"MicroWeb UMH","article_publisher":"https:\/\/www.facebook.com\/UniversidadMiguelHernandezElche","article_modified_time":"2025-07-23T11:06:40+00:00","og_image":[{"url":"https:\/\/docenciamicrobiologia.umh.es\/files\/2025\/07\/a062486f-ac83-46e6-8ad0-b3aa96149bd8-e1753268152281.jpg"}],"twitter_card":"summary_large_image","twitter_site":"@UniversidadMH","twitter_misc":{"Est. reading time":"2 minutes"},"schema":{"@context":"https:\/\/schema.org","@graph":[{"@type":"Organization","@id":"https:\/\/docenciamicrobiologia.umh.es\/#organization","name":"Universidad Miguel Hern\u00e1ndez","url":"https:\/\/docenciamicrobiologia.umh.es\/","sameAs":["https:\/\/www.facebook.com\/UniversidadMiguelHernandezElche","http:\/\/instagram.com\/universidadmh","http:\/\/es.linkedin.com\/edu\/universidad-miguel-hern\u00e1ndez-de-elche-12237","http:\/\/youtube.umh.es\/","https:\/\/twitter.com\/UniversidadMH"],"logo":{"@type":"ImageObject","@id":"https:\/\/docenciamicrobiologia.umh.es\/#logo","inLanguage":"en-US","url":"https:\/\/docenciamicrobiologia.umh.es\/files\/2021\/11\/logon.png","contentUrl":"https:\/\/docenciamicrobiologia.umh.es\/files\/2021\/11\/logon.png","width":300,"height":100,"caption":"Universidad Miguel Hern\u00e1ndez"},"image":{"@id":"https:\/\/docenciamicrobiologia.umh.es\/#logo"}},{"@type":"WebSite","@id":"https:\/\/docenciamicrobiologia.umh.es\/#website","url":"https:\/\/docenciamicrobiologia.umh.es\/","name":"MicroWeb UMH","description":"Universidad Miguel Hern\u00e1ndez de Elche","publisher":{"@id":"https:\/\/docenciamicrobiologia.umh.es\/#organization"},"potentialAction":[{"@type":"SearchAction","target":{"@type":"EntryPoint","urlTemplate":"https:\/\/docenciamicrobiologia.umh.es\/?s={search_term_string}"},"query-input":"required name=search_term_string"}],"inLanguage":"en-US"},{"@type":"ImageObject","@id":"https:\/\/docenciamicrobiologia.umh.es\/indice-de-practicas\/13-mecanismos-de-patogenicidad\/visualizacion-de-la-capsula-mediante-tincion-negativa\/#primaryimage","inLanguage":"en-US","url":"https:\/\/docenciamicrobiologia.umh.es\/files\/2025\/07\/a062486f-ac83-46e6-8ad0-b3aa96149bd8-e1753268152281.jpg","contentUrl":"https:\/\/docenciamicrobiologia.umh.es\/files\/2025\/07\/a062486f-ac83-46e6-8ad0-b3aa96149bd8-e1753268152281.jpg","width":775,"height":911},{"@type":"WebPage","@id":"https:\/\/docenciamicrobiologia.umh.es\/indice-de-practicas\/13-mecanismos-de-patogenicidad\/visualizacion-de-la-capsula-mediante-tincion-negativa\/#webpage","url":"https:\/\/docenciamicrobiologia.umh.es\/indice-de-practicas\/13-mecanismos-de-patogenicidad\/visualizacion-de-la-capsula-mediante-tincion-negativa\/","name":"<span lang=\"es\">(Espa\u00f1ol) Visualizaci\u00f3n de la c\u00e1psula mediante tinci\u00f3n negativa - MicroWeb UMH<\/span>","isPartOf":{"@id":"https:\/\/docenciamicrobiologia.umh.es\/#website"},"primaryImageOfPage":{"@id":"https:\/\/docenciamicrobiologia.umh.es\/indice-de-practicas\/13-mecanismos-de-patogenicidad\/visualizacion-de-la-capsula-mediante-tincion-negativa\/#primaryimage"},"datePublished":"2025-07-23T10:19:44+00:00","dateModified":"2025-07-23T11:06:40+00:00","breadcrumb":{"@id":"https:\/\/docenciamicrobiologia.umh.es\/indice-de-practicas\/13-mecanismos-de-patogenicidad\/visualizacion-de-la-capsula-mediante-tincion-negativa\/#breadcrumb"},"inLanguage":"en-US","potentialAction":[{"@type":"ReadAction","target":["https:\/\/docenciamicrobiologia.umh.es\/indice-de-practicas\/13-mecanismos-de-patogenicidad\/visualizacion-de-la-capsula-mediante-tincion-negativa\/"]}]},{"@type":"BreadcrumbList","@id":"https:\/\/docenciamicrobiologia.umh.es\/indice-de-practicas\/13-mecanismos-de-patogenicidad\/visualizacion-de-la-capsula-mediante-tincion-negativa\/#breadcrumb","itemListElement":[{"@type":"ListItem","position":1,"name":"Portada","item":"https:\/\/docenciamicrobiologia.umh.es\/"},{"@type":"ListItem","position":2,"name":"\u00cdndice de Pr\u00e1cticas","item":"https:\/\/docenciamicrobiologia.umh.es\/indice-de-practicas\/"},{"@type":"ListItem","position":3,"name":"13. Mecanismos de patogenicidad","item":"https:\/\/docenciamicrobiologia.umh.es\/indice-de-practicas\/13-mecanismos-de-patogenicidad\/"},{"@type":"ListItem","position":4,"name":"Visualizaci\u00f3n de la c\u00e1psula mediante tinci\u00f3n negativa"}]}]}},"_links":{"self":[{"href":"https:\/\/docenciamicrobiologia.umh.es\/en\/wp-json\/wp\/v2\/pages\/2014"}],"collection":[{"href":"https:\/\/docenciamicrobiologia.umh.es\/en\/wp-json\/wp\/v2\/pages"}],"about":[{"href":"https:\/\/docenciamicrobiologia.umh.es\/en\/wp-json\/wp\/v2\/types\/page"}],"author":[{"embeddable":true,"href":"https:\/\/docenciamicrobiologia.umh.es\/en\/wp-json\/wp\/v2\/users\/3396"}],"replies":[{"embeddable":true,"href":"https:\/\/docenciamicrobiologia.umh.es\/en\/wp-json\/wp\/v2\/comments?post=2014"}],"version-history":[{"count":0,"href":"https:\/\/docenciamicrobiologia.umh.es\/en\/wp-json\/wp\/v2\/pages\/2014\/revisions"}],"up":[{"embeddable":true,"href":"https:\/\/docenciamicrobiologia.umh.es\/en\/wp-json\/wp\/v2\/pages\/1933"}],"wp:attachment":[{"href":"https:\/\/docenciamicrobiologia.umh.es\/en\/wp-json\/wp\/v2\/media?parent=2014"}],"curies":[{"name":"wp","href":"https:\/\/api.w.org\/{rel}","templated":true}]}}