{"id":194,"date":"2021-11-05T13:17:38","date_gmt":"2021-11-05T12:17:38","guid":{"rendered":"https:\/\/docenciamicrobiologia.umh.es\/?page_id=194"},"modified":"2023-02-05T01:03:58","modified_gmt":"2023-02-05T00:03:58","slug":"schistosoma-mansoni","status":"publish","type":"page","link":"https:\/\/docenciamicrobiologia.umh.es\/en\/indice-de-practicas\/8-observacion-microscopica\/observacion-microscopica-de-parasitos\/schistosoma-mansoni\/","title":{"rendered":"Schistosoma mansoni"},"content":{"rendered":"<p><img loading=\"lazy\" class=\"alignnone\" style=\"float: left\" src=\"https:\/\/docenciamicrobiologia.umh.es\/files\/2021\/11\/Schistosomiasis_Life_Cycle.png\" alt=\"\" width=\"500\" height=\"300\" \/><\/p>\n<p><b><i>Schistosoma mansoni<\/i><\/b><span style=\"font-weight: 400\"> is a species of<\/span> <span style=\"font-weight: 400\">digenea trematoda, human parasitic flatworms that cause the disease known as schistosomiasis. They are distinguished from other trematoda because the sexes are separate<\/span> <span style=\"font-weight: 400\">(the majority of the trematoda are hermaphrodite).<\/span><\/p>\n<p><span style=\"font-weight: 400\">The life cycle includes two hosts: humans (definitive host) and a mollusk (intermediary host). It is the only etiologic agent that causes schistosomiasis in Latin America.<\/span><\/p>\n<div style=\"text-align: center\">\n<table style=\"border: hidden;margin: 0 auto\">\n<tbody>\n<tr style=\"border: hidden\">\n<td style=\"border: hidden;text-align: center\"><img loading=\"lazy\" class=\"aligncenter\" src=\"https:\/\/docenciamicrobiologia.umh.es\/files\/2021\/11\/esquistosoma-mansoni-huevos-en-heces.jpg\" alt=\"\" width=\"240\" height=\"240\" \/><\/td>\n<td><img loading=\"lazy\" class=\"aligncenter\" src=\"https:\/\/docenciamicrobiologia.umh.es\/files\/2021\/11\/esquistosoma-mansoni-huevos-en-heces-200x-1.jpg\" alt=\"\" width=\"240\" height=\"240\" \/><\/td>\n<td><img loading=\"lazy\" class=\"aligncenter\" src=\"https:\/\/docenciamicrobiologia.umh.es\/files\/2021\/11\/esquistosoma-mansoni-huevos-en-heces-400x.jpg\" alt=\"\" width=\"240\" height=\"240\" \/><\/td>\n<\/tr>\n<tr style=\"border: hidden\">\n<td style=\"text-align: center;border: hidden\">Schistosoma mansoni in feces<\/p>\n<p>Objective 4X<\/td>\n<td style=\"text-align: center;border: hidden\">Schistosoma mansoni <span style=\"font-weight: 400\">in feces<\/span><\/p>\n<p>Objective 20X<\/td>\n<td style=\"text-align: center;border: hidden\">Schistosoma mansoni <span style=\"font-weight: 400\">in feces<\/span><\/p>\n<p>Objective 40X<\/td>\n<\/tr>\n<\/tbody>\n<\/table>\n<\/div>\n<p><span style=\"font-size: 14px\"> Apoyo a acciones de Innovaci\u00f3n Docente &#8211; Vicerrectorado de Estudios \/ Consultas e incidencias t\u00e9cnicas- Tlf: 96 522 2059 &#8211; <a href=\"mailto:info@goumh.es\" target=\"_blank\" rel=\"noopener\">info@goumh.es <\/a><\/span><\/p>","protected":false},"excerpt":{"rendered":"<p>Schistosoma mansoni is a species of digenea trematoda, human parasitic flatworms that cause the disease known as schistosomiasis. They are distinguished from other trematoda because the sexes are separate (the majority of the trematoda are hermaphrodite).<br \/>\nThe life cycle includes two hosts: humans (definitive host) and a mollusk (intermediary host). It is the only etiologic agent [&#8230;]<\/p>\n","protected":false},"author":3782,"featured_media":0,"parent":170,"menu_order":0,"comment_status":"closed","ping_status":"closed","template":"","meta":{"ngg_post_thumbnail":0,"_links_to":"","_links_to_target":""},"yoast_head":"<!-- This site is optimized with the Yoast SEO plugin v17.5 - https:\/\/yoast.com\/wordpress\/plugins\/seo\/ -->\n<meta name=\"robots\" content=\"index, follow, max-snippet:-1, max-image-preview:large, max-video-preview:-1\" \/>\n<link rel=\"canonical\" href=\"https:\/\/docenciamicrobiologia.umh.es\/en\/indice-de-practicas\/8-observacion-microscopica\/observacion-microscopica-de-parasitos\/schistosoma-mansoni\/\" \/>\n<meta property=\"og:locale\" content=\"en_US\" \/>\n<meta property=\"og:type\" content=\"article\" \/>\n<meta property=\"og:title\" content=\"Schistosoma mansoni - MicroWeb UMH\" \/>\n<meta property=\"og:description\" content=\"Schistosoma mansoni is a species of digenea trematoda, human parasitic flatworms that cause the disease known as schistosomiasis. They are distinguished from other trematoda because the sexes are separate (the majority of the trematoda are hermaphrodite). The life cycle includes two hosts: humans (definitive host) and a mollusk (intermediary host). It is the only etiologic agent [...]\" \/>\n<meta property=\"og:url\" content=\"https:\/\/docenciamicrobiologia.umh.es\/indice-de-practicas\/8-observacion-microscopica\/observacion-microscopica-de-parasitos\/schistosoma-mansoni\/\" \/>\n<meta property=\"og:site_name\" content=\"MicroWeb UMH\" \/>\n<meta property=\"article:publisher\" content=\"https:\/\/www.facebook.com\/UniversidadMiguelHernandezElche\" \/>\n<meta property=\"article:modified_time\" content=\"2023-02-05T00:03:58+00:00\" \/>\n<meta property=\"og:image\" content=\"https:\/\/docenciamicrobiologia.umh.es\/files\/2021\/11\/Schistosomiasis_Life_Cycle.png\" \/>\n<meta name=\"twitter:card\" content=\"summary_large_image\" \/>\n<meta name=\"twitter:site\" content=\"@UniversidadMH\" \/>\n<meta name=\"twitter:label1\" content=\"Est. reading time\" \/>\n\t<meta name=\"twitter:data1\" content=\"2 minutes\" \/>\n<script type=\"application\/ld+json\" class=\"yoast-schema-graph\">{\"@context\":\"https:\/\/schema.org\",\"@graph\":[{\"@type\":\"Organization\",\"@id\":\"https:\/\/docenciamicrobiologia.umh.es\/#organization\",\"name\":\"Universidad Miguel Hern\\u00e1ndez\",\"url\":\"https:\/\/docenciamicrobiologia.umh.es\/\",\"sameAs\":[\"https:\/\/www.facebook.com\/UniversidadMiguelHernandezElche\",\"http:\/\/instagram.com\/universidadmh\",\"http:\/\/es.linkedin.com\/edu\/universidad-miguel-hern\\u00e1ndez-de-elche-12237\",\"http:\/\/youtube.umh.es\/\",\"https:\/\/twitter.com\/UniversidadMH\"],\"logo\":{\"@type\":\"ImageObject\",\"@id\":\"https:\/\/docenciamicrobiologia.umh.es\/#logo\",\"inLanguage\":\"en-US\",\"url\":\"https:\/\/docenciamicrobiologia.umh.es\/files\/2021\/11\/logon.png\",\"contentUrl\":\"https:\/\/docenciamicrobiologia.umh.es\/files\/2021\/11\/logon.png\",\"width\":300,\"height\":100,\"caption\":\"Universidad Miguel Hern\\u00e1ndez\"},\"image\":{\"@id\":\"https:\/\/docenciamicrobiologia.umh.es\/#logo\"}},{\"@type\":\"WebSite\",\"@id\":\"https:\/\/docenciamicrobiologia.umh.es\/#website\",\"url\":\"https:\/\/docenciamicrobiologia.umh.es\/\",\"name\":\"MicroWeb UMH\",\"description\":\"Universidad Miguel Hern\\u00e1ndez de Elche\",\"publisher\":{\"@id\":\"https:\/\/docenciamicrobiologia.umh.es\/#organization\"},\"potentialAction\":[{\"@type\":\"SearchAction\",\"target\":{\"@type\":\"EntryPoint\",\"urlTemplate\":\"https:\/\/docenciamicrobiologia.umh.es\/?s={search_term_string}\"},\"query-input\":\"required name=search_term_string\"}],\"inLanguage\":\"en-US\"},{\"@type\":\"ImageObject\",\"@id\":\"https:\/\/docenciamicrobiologia.umh.es\/indice-de-practicas\/8-observacion-microscopica\/observacion-microscopica-de-parasitos\/schistosoma-mansoni\/#primaryimage\",\"inLanguage\":\"en-US\",\"url\":\"https:\/\/docenciamicrobiologia.umh.es\/files\/2021\/11\/Schistosomiasis_Life_Cycle.png\",\"contentUrl\":\"https:\/\/docenciamicrobiologia.umh.es\/files\/2021\/11\/Schistosomiasis_Life_Cycle.png\",\"width\":1280,\"height\":837},{\"@type\":\"WebPage\",\"@id\":\"https:\/\/docenciamicrobiologia.umh.es\/indice-de-practicas\/8-observacion-microscopica\/observacion-microscopica-de-parasitos\/schistosoma-mansoni\/#webpage\",\"url\":\"https:\/\/docenciamicrobiologia.umh.es\/indice-de-practicas\/8-observacion-microscopica\/observacion-microscopica-de-parasitos\/schistosoma-mansoni\/\",\"name\":\"Schistosoma mansoni - MicroWeb UMH\",\"isPartOf\":{\"@id\":\"https:\/\/docenciamicrobiologia.umh.es\/#website\"},\"primaryImageOfPage\":{\"@id\":\"https:\/\/docenciamicrobiologia.umh.es\/indice-de-practicas\/8-observacion-microscopica\/observacion-microscopica-de-parasitos\/schistosoma-mansoni\/#primaryimage\"},\"datePublished\":\"2021-11-05T12:17:38+00:00\",\"dateModified\":\"2023-02-05T00:03:58+00:00\",\"breadcrumb\":{\"@id\":\"https:\/\/docenciamicrobiologia.umh.es\/indice-de-practicas\/8-observacion-microscopica\/observacion-microscopica-de-parasitos\/schistosoma-mansoni\/#breadcrumb\"},\"inLanguage\":\"en-US\",\"potentialAction\":[{\"@type\":\"ReadAction\",\"target\":[\"https:\/\/docenciamicrobiologia.umh.es\/indice-de-practicas\/8-observacion-microscopica\/observacion-microscopica-de-parasitos\/schistosoma-mansoni\/\"]}]},{\"@type\":\"BreadcrumbList\",\"@id\":\"https:\/\/docenciamicrobiologia.umh.es\/indice-de-practicas\/8-observacion-microscopica\/observacion-microscopica-de-parasitos\/schistosoma-mansoni\/#breadcrumb\",\"itemListElement\":[{\"@type\":\"ListItem\",\"position\":1,\"name\":\"Portada\",\"item\":\"https:\/\/docenciamicrobiologia.umh.es\/\"},{\"@type\":\"ListItem\",\"position\":2,\"name\":\"\\u00cdndice de Pr\\u00e1cticas\",\"item\":\"https:\/\/docenciamicrobiologia.umh.es\/indice-de-practicas\/\"},{\"@type\":\"ListItem\",\"position\":3,\"name\":\"8. Observaci\\u00f3n Microsc\\u00f3pica\",\"item\":\"https:\/\/docenciamicrobiologia.umh.es\/indice-de-practicas\/8-observacion-microscopica\/\"},{\"@type\":\"ListItem\",\"position\":4,\"name\":\"Observaci\\u00f3n microsc\\u00f3pica de par\\u00e1sitos\",\"item\":\"https:\/\/docenciamicrobiologia.umh.es\/indice-de-practicas\/8-observacion-microscopica\/observacion-microscopica-de-parasitos\/\"},{\"@type\":\"ListItem\",\"position\":5,\"name\":\"Schistosoma mansoni\"}]}]}<\/script>\n<!-- \/ Yoast SEO plugin. -->","yoast_head_json":{"robots":{"index":"index","follow":"follow","max-snippet":"max-snippet:-1","max-image-preview":"max-image-preview:large","max-video-preview":"max-video-preview:-1"},"canonical":"https:\/\/docenciamicrobiologia.umh.es\/en\/indice-de-practicas\/8-observacion-microscopica\/observacion-microscopica-de-parasitos\/schistosoma-mansoni\/","og_locale":"en_US","og_type":"article","og_title":"Schistosoma mansoni - MicroWeb UMH","og_description":"Schistosoma mansoni is a species of digenea trematoda, human parasitic flatworms that cause the disease known as schistosomiasis. They are distinguished from other trematoda because the sexes are separate (the majority of the trematoda are hermaphrodite). The life cycle includes two hosts: humans (definitive host) and a mollusk (intermediary host). It is the only etiologic agent [...]","og_url":"https:\/\/docenciamicrobiologia.umh.es\/indice-de-practicas\/8-observacion-microscopica\/observacion-microscopica-de-parasitos\/schistosoma-mansoni\/","og_site_name":"MicroWeb UMH","article_publisher":"https:\/\/www.facebook.com\/UniversidadMiguelHernandezElche","article_modified_time":"2023-02-05T00:03:58+00:00","og_image":[{"url":"https:\/\/docenciamicrobiologia.umh.es\/files\/2021\/11\/Schistosomiasis_Life_Cycle.png"}],"twitter_card":"summary_large_image","twitter_site":"@UniversidadMH","twitter_misc":{"Est. reading time":"2 minutes"},"schema":{"@context":"https:\/\/schema.org","@graph":[{"@type":"Organization","@id":"https:\/\/docenciamicrobiologia.umh.es\/#organization","name":"Universidad Miguel Hern\u00e1ndez","url":"https:\/\/docenciamicrobiologia.umh.es\/","sameAs":["https:\/\/www.facebook.com\/UniversidadMiguelHernandezElche","http:\/\/instagram.com\/universidadmh","http:\/\/es.linkedin.com\/edu\/universidad-miguel-hern\u00e1ndez-de-elche-12237","http:\/\/youtube.umh.es\/","https:\/\/twitter.com\/UniversidadMH"],"logo":{"@type":"ImageObject","@id":"https:\/\/docenciamicrobiologia.umh.es\/#logo","inLanguage":"en-US","url":"https:\/\/docenciamicrobiologia.umh.es\/files\/2021\/11\/logon.png","contentUrl":"https:\/\/docenciamicrobiologia.umh.es\/files\/2021\/11\/logon.png","width":300,"height":100,"caption":"Universidad Miguel Hern\u00e1ndez"},"image":{"@id":"https:\/\/docenciamicrobiologia.umh.es\/#logo"}},{"@type":"WebSite","@id":"https:\/\/docenciamicrobiologia.umh.es\/#website","url":"https:\/\/docenciamicrobiologia.umh.es\/","name":"MicroWeb UMH","description":"Universidad Miguel Hern\u00e1ndez de Elche","publisher":{"@id":"https:\/\/docenciamicrobiologia.umh.es\/#organization"},"potentialAction":[{"@type":"SearchAction","target":{"@type":"EntryPoint","urlTemplate":"https:\/\/docenciamicrobiologia.umh.es\/?s={search_term_string}"},"query-input":"required name=search_term_string"}],"inLanguage":"en-US"},{"@type":"ImageObject","@id":"https:\/\/docenciamicrobiologia.umh.es\/indice-de-practicas\/8-observacion-microscopica\/observacion-microscopica-de-parasitos\/schistosoma-mansoni\/#primaryimage","inLanguage":"en-US","url":"https:\/\/docenciamicrobiologia.umh.es\/files\/2021\/11\/Schistosomiasis_Life_Cycle.png","contentUrl":"https:\/\/docenciamicrobiologia.umh.es\/files\/2021\/11\/Schistosomiasis_Life_Cycle.png","width":1280,"height":837},{"@type":"WebPage","@id":"https:\/\/docenciamicrobiologia.umh.es\/indice-de-practicas\/8-observacion-microscopica\/observacion-microscopica-de-parasitos\/schistosoma-mansoni\/#webpage","url":"https:\/\/docenciamicrobiologia.umh.es\/indice-de-practicas\/8-observacion-microscopica\/observacion-microscopica-de-parasitos\/schistosoma-mansoni\/","name":"Schistosoma mansoni - MicroWeb UMH","isPartOf":{"@id":"https:\/\/docenciamicrobiologia.umh.es\/#website"},"primaryImageOfPage":{"@id":"https:\/\/docenciamicrobiologia.umh.es\/indice-de-practicas\/8-observacion-microscopica\/observacion-microscopica-de-parasitos\/schistosoma-mansoni\/#primaryimage"},"datePublished":"2021-11-05T12:17:38+00:00","dateModified":"2023-02-05T00:03:58+00:00","breadcrumb":{"@id":"https:\/\/docenciamicrobiologia.umh.es\/indice-de-practicas\/8-observacion-microscopica\/observacion-microscopica-de-parasitos\/schistosoma-mansoni\/#breadcrumb"},"inLanguage":"en-US","potentialAction":[{"@type":"ReadAction","target":["https:\/\/docenciamicrobiologia.umh.es\/indice-de-practicas\/8-observacion-microscopica\/observacion-microscopica-de-parasitos\/schistosoma-mansoni\/"]}]},{"@type":"BreadcrumbList","@id":"https:\/\/docenciamicrobiologia.umh.es\/indice-de-practicas\/8-observacion-microscopica\/observacion-microscopica-de-parasitos\/schistosoma-mansoni\/#breadcrumb","itemListElement":[{"@type":"ListItem","position":1,"name":"Portada","item":"https:\/\/docenciamicrobiologia.umh.es\/"},{"@type":"ListItem","position":2,"name":"\u00cdndice de Pr\u00e1cticas","item":"https:\/\/docenciamicrobiologia.umh.es\/indice-de-practicas\/"},{"@type":"ListItem","position":3,"name":"8. Observaci\u00f3n Microsc\u00f3pica","item":"https:\/\/docenciamicrobiologia.umh.es\/indice-de-practicas\/8-observacion-microscopica\/"},{"@type":"ListItem","position":4,"name":"Observaci\u00f3n microsc\u00f3pica de par\u00e1sitos","item":"https:\/\/docenciamicrobiologia.umh.es\/indice-de-practicas\/8-observacion-microscopica\/observacion-microscopica-de-parasitos\/"},{"@type":"ListItem","position":5,"name":"Schistosoma mansoni"}]}]}},"_links":{"self":[{"href":"https:\/\/docenciamicrobiologia.umh.es\/en\/wp-json\/wp\/v2\/pages\/194"}],"collection":[{"href":"https:\/\/docenciamicrobiologia.umh.es\/en\/wp-json\/wp\/v2\/pages"}],"about":[{"href":"https:\/\/docenciamicrobiologia.umh.es\/en\/wp-json\/wp\/v2\/types\/page"}],"author":[{"embeddable":true,"href":"https:\/\/docenciamicrobiologia.umh.es\/en\/wp-json\/wp\/v2\/users\/3782"}],"replies":[{"embeddable":true,"href":"https:\/\/docenciamicrobiologia.umh.es\/en\/wp-json\/wp\/v2\/comments?post=194"}],"version-history":[{"count":0,"href":"https:\/\/docenciamicrobiologia.umh.es\/en\/wp-json\/wp\/v2\/pages\/194\/revisions"}],"up":[{"embeddable":true,"href":"https:\/\/docenciamicrobiologia.umh.es\/en\/wp-json\/wp\/v2\/pages\/170"}],"wp:attachment":[{"href":"https:\/\/docenciamicrobiologia.umh.es\/en\/wp-json\/wp\/v2\/media?parent=194"}],"curies":[{"name":"wp","href":"https:\/\/api.w.org\/{rel}","templated":true}]}}