{"id":179,"date":"2021-11-05T13:14:52","date_gmt":"2021-11-05T12:14:52","guid":{"rendered":"https:\/\/docenciamicrobiologia.umh.es\/?page_id=179"},"modified":"2023-02-05T00:54:26","modified_gmt":"2023-02-04T23:54:26","slug":"trypanosoma-brucei","status":"publish","type":"page","link":"https:\/\/docenciamicrobiologia.umh.es\/en\/indice-de-practicas\/8-observacion-microscopica\/observacion-microscopica-de-parasitos\/trypanosoma-brucei\/","title":{"rendered":"Trypanosoma brucei"},"content":{"rendered":"<p><i><span style=\"font-weight: 400\">Trypanosoma brucei <\/span><\/i><span style=\"font-weight: 400\">is a species of protist, protozoa, parasite that is mainly found in the blood and it causes the African trypanosomiasis (or the sleeping disease) in humans and animals (nagana) in Africa. There are three subspecies of this parasite:<\/span><\/p>\n<ul>\n<li><i><span style=\"font-weight: 400\">T. b. gambiense<\/span><\/i><span style=\"font-weight: 400\">, which causes the slow starting chronic trypanosomiasis.<\/span><\/li>\n<li><i><span style=\"font-weight: 400\">T. b. rhodesiense<\/span><\/i><span style=\"font-weight: 400\">, which causes the fast starting acute tripanosomiasis. <\/span><\/li>\n<li><i>T. b. brucei<\/i>, which causes African animal trypanosomiasis, just like other species of trypanosoma.<\/li>\n<\/ul>\n<p><span style=\"font-weight: 400\">The two-host parasite species, an insect vector (the tsetse fly) and a mammal host. Given the big difference between these two hosts, the cell goes through complex changes to favor its survival in the intestine of the insects and in the blood of the mammals.<\/span><\/p>\n<div style=\"text-align: center\"><img loading=\"lazy\" src=\"https:\/\/docenciamicrobiologia.umh.es\/files\/2021\/11\/AfrTryp_LifeCycle.png\" alt=\"\" width=\"700\" height=\"240\" \/><\/div>\n<p>&nbsp;<\/p>\n<p>&nbsp;<\/p>\n<table style=\"border: hidden;margin: 0 auto\">\n<tbody>\n<tr style=\"border: hidden\">\n<td style=\"border: hidden;text-align: center\">\n<p style=\"text-align: left\">Parasitic forms:<\/p>\n<p style=\"text-align: left;padding-left: 40px\"><span style=\"font-weight: 400\">&#8211;<\/span> <b>Epimastigote<\/b><span style=\"font-weight: 400\">. The basal body is located anterior to the nucleus, with a long flagellum attached along the cell body.<\/span><\/p>\n<p style=\"text-align: left;padding-left: 40px\"><span style=\"font-weight: 400\">&#8211;<\/span><b>Trypomastigote<\/b><span style=\"font-weight: 400\">. The basal body is posterior to the nucleus, with a long flagellum attached along the cell body.<\/span><\/p>\n<p style=\"text-align: left\"><em>T.brucei<\/em> osually exists in the trypomastigote form and in the epimastigote form it colonizes in the salivary glands of insects.<\/p>\n<\/td>\n<td>\n<p style=\"text-align: left\"><img loading=\"lazy\" class=\"\" style=\"margin: 5px\" src=\"https:\/\/docenciamicrobiologia.umh.es\/files\/2021\/11\/tripanosoma-brucei-gambiensis-3-1.jpg\" alt=\"\" width=\"2000\" height=\"1000\" \/><\/p>\n<\/td>\n<\/tr>\n<tr style=\"border: hidden\">\n<td style=\"text-align: center;border: hidden\"><\/td>\n<td style=\"text-align: center;border: hidden\"><em>Trypanosoma brucei gambiensis<\/em><br \/>\nObjective 40X<\/td>\n<\/tr>\n<\/tbody>\n<\/table>\n<p><span style=\"font-size: 14px\"> Apoyo a acciones de Innovaci\u00f3n Docente &#8211; Vicerrectorado de Estudios \/ Consultas e incidencias t\u00e9cnicas- Tlf: 96 522 2059 &#8211; <a href=\"mailto:info@goumh.es\" target=\"_blank\" rel=\"noopener\">info@goumh.es <\/a><\/span><\/p>","protected":false},"excerpt":{"rendered":"<p>Trypanosoma brucei is a species of protist, protozoa, parasite that is mainly found in the blood and it causes the African trypanosomiasis (or the sleeping disease) in humans and animals (nagana) in Africa. There are three subspecies of this parasite:<\/p>\n<p>T. b. gambiense, which causes the slow starting chronic trypanosomiasis.<br \/>\nT. b. rhodesiense, which causes the fast [&#8230;]<\/p>\n","protected":false},"author":3782,"featured_media":0,"parent":170,"menu_order":0,"comment_status":"closed","ping_status":"closed","template":"","meta":{"ngg_post_thumbnail":0,"_links_to":"","_links_to_target":""},"yoast_head":"<!-- This site is optimized with the Yoast SEO plugin v17.5 - https:\/\/yoast.com\/wordpress\/plugins\/seo\/ -->\n<meta name=\"robots\" content=\"index, follow, max-snippet:-1, max-image-preview:large, max-video-preview:-1\" \/>\n<link rel=\"canonical\" href=\"https:\/\/docenciamicrobiologia.umh.es\/en\/indice-de-practicas\/8-observacion-microscopica\/observacion-microscopica-de-parasitos\/trypanosoma-brucei\/\" \/>\n<meta property=\"og:locale\" content=\"en_US\" \/>\n<meta property=\"og:type\" content=\"article\" \/>\n<meta property=\"og:title\" content=\"Trypanosoma brucei - MicroWeb UMH\" \/>\n<meta property=\"og:description\" content=\"Trypanosoma brucei is a species of protist, protozoa, parasite that is mainly found in the blood and it causes the African trypanosomiasis (or the sleeping disease) in humans and animals (nagana) in Africa. There are three subspecies of this parasite: T. b. gambiense, which causes the slow starting chronic trypanosomiasis. T. b. rhodesiense, which causes the fast [...]\" \/>\n<meta property=\"og:url\" content=\"https:\/\/docenciamicrobiologia.umh.es\/indice-de-practicas\/8-observacion-microscopica\/observacion-microscopica-de-parasitos\/trypanosoma-brucei\/\" \/>\n<meta property=\"og:site_name\" content=\"MicroWeb UMH\" \/>\n<meta property=\"article:publisher\" content=\"https:\/\/www.facebook.com\/UniversidadMiguelHernandezElche\" \/>\n<meta property=\"article:modified_time\" content=\"2023-02-04T23:54:26+00:00\" \/>\n<meta property=\"og:image\" content=\"https:\/\/docenciamicrobiologia.umh.es\/files\/2021\/11\/AfrTryp_LifeCycle.png\" \/>\n<meta name=\"twitter:card\" content=\"summary_large_image\" \/>\n<meta name=\"twitter:site\" content=\"@UniversidadMH\" \/>\n<meta name=\"twitter:label1\" content=\"Est. reading time\" \/>\n\t<meta name=\"twitter:data1\" content=\"2 minutes\" \/>\n<script type=\"application\/ld+json\" class=\"yoast-schema-graph\">{\"@context\":\"https:\/\/schema.org\",\"@graph\":[{\"@type\":\"Organization\",\"@id\":\"https:\/\/docenciamicrobiologia.umh.es\/#organization\",\"name\":\"Universidad Miguel Hern\\u00e1ndez\",\"url\":\"https:\/\/docenciamicrobiologia.umh.es\/\",\"sameAs\":[\"https:\/\/www.facebook.com\/UniversidadMiguelHernandezElche\",\"http:\/\/instagram.com\/universidadmh\",\"http:\/\/es.linkedin.com\/edu\/universidad-miguel-hern\\u00e1ndez-de-elche-12237\",\"http:\/\/youtube.umh.es\/\",\"https:\/\/twitter.com\/UniversidadMH\"],\"logo\":{\"@type\":\"ImageObject\",\"@id\":\"https:\/\/docenciamicrobiologia.umh.es\/#logo\",\"inLanguage\":\"en-US\",\"url\":\"https:\/\/docenciamicrobiologia.umh.es\/files\/2021\/11\/logon.png\",\"contentUrl\":\"https:\/\/docenciamicrobiologia.umh.es\/files\/2021\/11\/logon.png\",\"width\":300,\"height\":100,\"caption\":\"Universidad Miguel Hern\\u00e1ndez\"},\"image\":{\"@id\":\"https:\/\/docenciamicrobiologia.umh.es\/#logo\"}},{\"@type\":\"WebSite\",\"@id\":\"https:\/\/docenciamicrobiologia.umh.es\/#website\",\"url\":\"https:\/\/docenciamicrobiologia.umh.es\/\",\"name\":\"MicroWeb UMH\",\"description\":\"Universidad Miguel Hern\\u00e1ndez de Elche\",\"publisher\":{\"@id\":\"https:\/\/docenciamicrobiologia.umh.es\/#organization\"},\"potentialAction\":[{\"@type\":\"SearchAction\",\"target\":{\"@type\":\"EntryPoint\",\"urlTemplate\":\"https:\/\/docenciamicrobiologia.umh.es\/?s={search_term_string}\"},\"query-input\":\"required name=search_term_string\"}],\"inLanguage\":\"en-US\"},{\"@type\":\"ImageObject\",\"@id\":\"https:\/\/docenciamicrobiologia.umh.es\/indice-de-practicas\/8-observacion-microscopica\/observacion-microscopica-de-parasitos\/trypanosoma-brucei\/#primaryimage\",\"inLanguage\":\"en-US\",\"url\":\"https:\/\/docenciamicrobiologia.umh.es\/files\/2021\/11\/AfrTryp_LifeCycle.png\",\"contentUrl\":\"https:\/\/docenciamicrobiologia.umh.es\/files\/2021\/11\/AfrTryp_LifeCycle.png\",\"width\":599,\"height\":435},{\"@type\":\"WebPage\",\"@id\":\"https:\/\/docenciamicrobiologia.umh.es\/indice-de-practicas\/8-observacion-microscopica\/observacion-microscopica-de-parasitos\/trypanosoma-brucei\/#webpage\",\"url\":\"https:\/\/docenciamicrobiologia.umh.es\/indice-de-practicas\/8-observacion-microscopica\/observacion-microscopica-de-parasitos\/trypanosoma-brucei\/\",\"name\":\"Trypanosoma brucei - MicroWeb UMH\",\"isPartOf\":{\"@id\":\"https:\/\/docenciamicrobiologia.umh.es\/#website\"},\"primaryImageOfPage\":{\"@id\":\"https:\/\/docenciamicrobiologia.umh.es\/indice-de-practicas\/8-observacion-microscopica\/observacion-microscopica-de-parasitos\/trypanosoma-brucei\/#primaryimage\"},\"datePublished\":\"2021-11-05T12:14:52+00:00\",\"dateModified\":\"2023-02-04T23:54:26+00:00\",\"breadcrumb\":{\"@id\":\"https:\/\/docenciamicrobiologia.umh.es\/indice-de-practicas\/8-observacion-microscopica\/observacion-microscopica-de-parasitos\/trypanosoma-brucei\/#breadcrumb\"},\"inLanguage\":\"en-US\",\"potentialAction\":[{\"@type\":\"ReadAction\",\"target\":[\"https:\/\/docenciamicrobiologia.umh.es\/indice-de-practicas\/8-observacion-microscopica\/observacion-microscopica-de-parasitos\/trypanosoma-brucei\/\"]}]},{\"@type\":\"BreadcrumbList\",\"@id\":\"https:\/\/docenciamicrobiologia.umh.es\/indice-de-practicas\/8-observacion-microscopica\/observacion-microscopica-de-parasitos\/trypanosoma-brucei\/#breadcrumb\",\"itemListElement\":[{\"@type\":\"ListItem\",\"position\":1,\"name\":\"Portada\",\"item\":\"https:\/\/docenciamicrobiologia.umh.es\/\"},{\"@type\":\"ListItem\",\"position\":2,\"name\":\"\\u00cdndice de Pr\\u00e1cticas\",\"item\":\"https:\/\/docenciamicrobiologia.umh.es\/indice-de-practicas\/\"},{\"@type\":\"ListItem\",\"position\":3,\"name\":\"8. Observaci\\u00f3n Microsc\\u00f3pica\",\"item\":\"https:\/\/docenciamicrobiologia.umh.es\/indice-de-practicas\/8-observacion-microscopica\/\"},{\"@type\":\"ListItem\",\"position\":4,\"name\":\"Observaci\\u00f3n microsc\\u00f3pica de par\\u00e1sitos\",\"item\":\"https:\/\/docenciamicrobiologia.umh.es\/indice-de-practicas\/8-observacion-microscopica\/observacion-microscopica-de-parasitos\/\"},{\"@type\":\"ListItem\",\"position\":5,\"name\":\"Trypanosoma brucei\"}]}]}<\/script>\n<!-- \/ Yoast SEO plugin. -->","yoast_head_json":{"robots":{"index":"index","follow":"follow","max-snippet":"max-snippet:-1","max-image-preview":"max-image-preview:large","max-video-preview":"max-video-preview:-1"},"canonical":"https:\/\/docenciamicrobiologia.umh.es\/en\/indice-de-practicas\/8-observacion-microscopica\/observacion-microscopica-de-parasitos\/trypanosoma-brucei\/","og_locale":"en_US","og_type":"article","og_title":"Trypanosoma brucei - MicroWeb UMH","og_description":"Trypanosoma brucei is a species of protist, protozoa, parasite that is mainly found in the blood and it causes the African trypanosomiasis (or the sleeping disease) in humans and animals (nagana) in Africa. There are three subspecies of this parasite: T. b. gambiense, which causes the slow starting chronic trypanosomiasis. T. b. rhodesiense, which causes the fast [...]","og_url":"https:\/\/docenciamicrobiologia.umh.es\/indice-de-practicas\/8-observacion-microscopica\/observacion-microscopica-de-parasitos\/trypanosoma-brucei\/","og_site_name":"MicroWeb UMH","article_publisher":"https:\/\/www.facebook.com\/UniversidadMiguelHernandezElche","article_modified_time":"2023-02-04T23:54:26+00:00","og_image":[{"url":"https:\/\/docenciamicrobiologia.umh.es\/files\/2021\/11\/AfrTryp_LifeCycle.png"}],"twitter_card":"summary_large_image","twitter_site":"@UniversidadMH","twitter_misc":{"Est. reading time":"2 minutes"},"schema":{"@context":"https:\/\/schema.org","@graph":[{"@type":"Organization","@id":"https:\/\/docenciamicrobiologia.umh.es\/#organization","name":"Universidad Miguel Hern\u00e1ndez","url":"https:\/\/docenciamicrobiologia.umh.es\/","sameAs":["https:\/\/www.facebook.com\/UniversidadMiguelHernandezElche","http:\/\/instagram.com\/universidadmh","http:\/\/es.linkedin.com\/edu\/universidad-miguel-hern\u00e1ndez-de-elche-12237","http:\/\/youtube.umh.es\/","https:\/\/twitter.com\/UniversidadMH"],"logo":{"@type":"ImageObject","@id":"https:\/\/docenciamicrobiologia.umh.es\/#logo","inLanguage":"en-US","url":"https:\/\/docenciamicrobiologia.umh.es\/files\/2021\/11\/logon.png","contentUrl":"https:\/\/docenciamicrobiologia.umh.es\/files\/2021\/11\/logon.png","width":300,"height":100,"caption":"Universidad Miguel Hern\u00e1ndez"},"image":{"@id":"https:\/\/docenciamicrobiologia.umh.es\/#logo"}},{"@type":"WebSite","@id":"https:\/\/docenciamicrobiologia.umh.es\/#website","url":"https:\/\/docenciamicrobiologia.umh.es\/","name":"MicroWeb UMH","description":"Universidad Miguel Hern\u00e1ndez de Elche","publisher":{"@id":"https:\/\/docenciamicrobiologia.umh.es\/#organization"},"potentialAction":[{"@type":"SearchAction","target":{"@type":"EntryPoint","urlTemplate":"https:\/\/docenciamicrobiologia.umh.es\/?s={search_term_string}"},"query-input":"required name=search_term_string"}],"inLanguage":"en-US"},{"@type":"ImageObject","@id":"https:\/\/docenciamicrobiologia.umh.es\/indice-de-practicas\/8-observacion-microscopica\/observacion-microscopica-de-parasitos\/trypanosoma-brucei\/#primaryimage","inLanguage":"en-US","url":"https:\/\/docenciamicrobiologia.umh.es\/files\/2021\/11\/AfrTryp_LifeCycle.png","contentUrl":"https:\/\/docenciamicrobiologia.umh.es\/files\/2021\/11\/AfrTryp_LifeCycle.png","width":599,"height":435},{"@type":"WebPage","@id":"https:\/\/docenciamicrobiologia.umh.es\/indice-de-practicas\/8-observacion-microscopica\/observacion-microscopica-de-parasitos\/trypanosoma-brucei\/#webpage","url":"https:\/\/docenciamicrobiologia.umh.es\/indice-de-practicas\/8-observacion-microscopica\/observacion-microscopica-de-parasitos\/trypanosoma-brucei\/","name":"Trypanosoma brucei - MicroWeb UMH","isPartOf":{"@id":"https:\/\/docenciamicrobiologia.umh.es\/#website"},"primaryImageOfPage":{"@id":"https:\/\/docenciamicrobiologia.umh.es\/indice-de-practicas\/8-observacion-microscopica\/observacion-microscopica-de-parasitos\/trypanosoma-brucei\/#primaryimage"},"datePublished":"2021-11-05T12:14:52+00:00","dateModified":"2023-02-04T23:54:26+00:00","breadcrumb":{"@id":"https:\/\/docenciamicrobiologia.umh.es\/indice-de-practicas\/8-observacion-microscopica\/observacion-microscopica-de-parasitos\/trypanosoma-brucei\/#breadcrumb"},"inLanguage":"en-US","potentialAction":[{"@type":"ReadAction","target":["https:\/\/docenciamicrobiologia.umh.es\/indice-de-practicas\/8-observacion-microscopica\/observacion-microscopica-de-parasitos\/trypanosoma-brucei\/"]}]},{"@type":"BreadcrumbList","@id":"https:\/\/docenciamicrobiologia.umh.es\/indice-de-practicas\/8-observacion-microscopica\/observacion-microscopica-de-parasitos\/trypanosoma-brucei\/#breadcrumb","itemListElement":[{"@type":"ListItem","position":1,"name":"Portada","item":"https:\/\/docenciamicrobiologia.umh.es\/"},{"@type":"ListItem","position":2,"name":"\u00cdndice de Pr\u00e1cticas","item":"https:\/\/docenciamicrobiologia.umh.es\/indice-de-practicas\/"},{"@type":"ListItem","position":3,"name":"8. Observaci\u00f3n Microsc\u00f3pica","item":"https:\/\/docenciamicrobiologia.umh.es\/indice-de-practicas\/8-observacion-microscopica\/"},{"@type":"ListItem","position":4,"name":"Observaci\u00f3n microsc\u00f3pica de par\u00e1sitos","item":"https:\/\/docenciamicrobiologia.umh.es\/indice-de-practicas\/8-observacion-microscopica\/observacion-microscopica-de-parasitos\/"},{"@type":"ListItem","position":5,"name":"Trypanosoma brucei"}]}]}},"_links":{"self":[{"href":"https:\/\/docenciamicrobiologia.umh.es\/en\/wp-json\/wp\/v2\/pages\/179"}],"collection":[{"href":"https:\/\/docenciamicrobiologia.umh.es\/en\/wp-json\/wp\/v2\/pages"}],"about":[{"href":"https:\/\/docenciamicrobiologia.umh.es\/en\/wp-json\/wp\/v2\/types\/page"}],"author":[{"embeddable":true,"href":"https:\/\/docenciamicrobiologia.umh.es\/en\/wp-json\/wp\/v2\/users\/3782"}],"replies":[{"embeddable":true,"href":"https:\/\/docenciamicrobiologia.umh.es\/en\/wp-json\/wp\/v2\/comments?post=179"}],"version-history":[{"count":0,"href":"https:\/\/docenciamicrobiologia.umh.es\/en\/wp-json\/wp\/v2\/pages\/179\/revisions"}],"up":[{"embeddable":true,"href":"https:\/\/docenciamicrobiologia.umh.es\/en\/wp-json\/wp\/v2\/pages\/170"}],"wp:attachment":[{"href":"https:\/\/docenciamicrobiologia.umh.es\/en\/wp-json\/wp\/v2\/media?parent=179"}],"curies":[{"name":"wp","href":"https:\/\/api.w.org\/{rel}","templated":true}]}}