{"id":176,"date":"2021-11-05T13:14:29","date_gmt":"2021-11-05T12:14:29","guid":{"rendered":"https:\/\/docenciamicrobiologia.umh.es\/?page_id=176"},"modified":"2023-02-05T00:51:35","modified_gmt":"2023-02-04T23:51:35","slug":"leismania-donovani","status":"publish","type":"page","link":"https:\/\/docenciamicrobiologia.umh.es\/en\/indice-de-practicas\/8-observacion-microscopica\/observacion-microscopica-de-parasitos\/leismania-donovani\/","title":{"rendered":"Leismania donovani"},"content":{"rendered":"<p><i><span style=\"font-weight: 400\">Leishmania<\/span><\/i><span style=\"font-weight: 400\"> is a protist genus that causes the disease known as<\/span> <span style=\"font-weight: 400\">leishmaniasis. The main infection vector are mosquitoes of the genera <\/span><i><span style=\"font-weight: 400\">Phlebotomus<\/span><\/i><span style=\"font-weight: 400\"> (in Eurasia and Africa) and <\/span><i><span style=\"font-weight: 400\">Lutzomyia<\/span><\/i><span style=\"font-weight: 400\"> (in America). Their victims are vertebrates: the leishmaniasis affect marsupials, canidae, rodents and primates. It is estimated that about 12 million humans currently suffer from leishmaniasis<\/span>.<\/p>\n<div style=\"text-align: center\">\n<table style=\"border: hidden;margin: 0 auto\">\n<tbody>\n<tr style=\"border: hidden\">\n<td style=\"border: hidden;text-align: center\"><img loading=\"lazy\" style=\"margin: 5px\" src=\"https:\/\/docenciamicrobiologia.umh.es\/files\/2021\/11\/Leishmania_LifeCycle.gif\" alt=\"\" width=\"600\" height=\"240\" \/><\/p>\n<p><strong>CYCLE<\/strong><\/td>\n<td><img loading=\"lazy\" class=\"aligncenter\" src=\"https:\/\/docenciamicrobiologia.umh.es\/files\/2021\/11\/leismania.png\" alt=\"\" width=\"600\" height=\"480\" \/><\/p>\n<p><strong>Parasitic forms<\/strong><\/td>\n<\/tr>\n<tr style=\"border: hidden\">\n<td style=\"border: hidden;text-align: left\"><\/td>\n<td style=\"border: hidden;text-align: left\"><strong>-amastigote<\/strong><\/p>\n<p style=\"padding-left: 40px\">\u2022<span style=\"font-weight: 400\">2 to 5 microns in length<\/span><br \/>\n\u2022<span style=\"font-weight: 400\">Intracellular<\/span><br \/>\n\u2022<span style=\"font-weight: 400\">Without flagella<\/span><br \/>\n\u2022<span style=\"font-weight: 400\">Light blue cytoplasm and large nucleus kinetoplast<\/span><\/p>\n<p style=\"text-align: left\"><strong>-promastigote<\/strong><\/p>\n<p style=\"padding-left: 40px\">\u2022<span style=\"font-weight: 400\">Inoculated<\/span><br \/>\n\u2022<span style=\"font-weight: 400\">10 to 15 microns long<\/span><br \/>\n\u2022<span style=\"font-weight: 400\">Nucleus in the middle part of the body<\/span><br \/>\n\u2022<span style=\"font-weight: 400\">Kinetoplast anterior to the nucleus<\/span><br \/>\n\u2022<span style=\"font-weight: 400\">Flagellated (rosetta)<\/span><\/p>\n<\/td>\n<\/tr>\n<\/tbody>\n<\/table>\n<\/div>\n<p>&nbsp;<\/p>\n<div style=\"text-align: center\">\n<table style=\"border: hidden\">\n<tbody>\n<tr style=\"border: hidden\">\n<td style=\"border: hidden;text-align: center\"><img loading=\"lazy\" class=\"aligncenter\" src=\"https:\/\/docenciamicrobiologia.umh.es\/files\/2021\/11\/leismania-100x-2.jpg\" alt=\"\" width=\"300\" height=\"240\" \/><\/td>\n<td><img loading=\"lazy\" class=\"aligncenter\" src=\"https:\/\/docenciamicrobiologia.umh.es\/files\/2021\/11\/leismania-100x-4.jpg\" alt=\"\" width=\"300\" height=\"240\" \/><\/td>\n<td><img loading=\"lazy\" class=\"aligncenter\" src=\"https:\/\/docenciamicrobiologia.umh.es\/files\/2021\/11\/leismania-100x2-1.jpg\" alt=\"\" width=\"300\" height=\"240\" \/><\/td>\n<\/tr>\n<tr style=\"border: hidden\">\n<td style=\"text-align: center;border: hidden;font-size: 12px\"><em>Leishmania donovanii<\/em><\/p>\n<p>Objective 100X<\/td>\n<td style=\"text-align: center;border: hidden;font-size: 12px\"><em>Leishmania donovanii<\/em><\/p>\n<p>Objective 100X<\/td>\n<td style=\"text-align: center;border: hidden;font-size: 12px\"><em>Leishmania donovanii<\/em>(amastigote details)<\/p>\n<p>Objective 100X<\/td>\n<\/tr>\n<\/tbody>\n<\/table>\n<\/div>\n<p><span style=\"font-size: 14px\"> Apoyo a acciones de Innovaci\u00f3n Docente &#8211; Vicerrectorado de Estudios \/ Consultas e incidencias t\u00e9cnicas- Tlf: 96 522 2059 &#8211; <a href=\"mailto:info@goumh.es\" target=\"_blank\" rel=\"noopener\">info@goumh.es <\/a><\/span><\/p>","protected":false},"excerpt":{"rendered":"<p>Leishmania is a protist genus that causes the disease known as leishmaniasis. The main infection vector are mosquitoes of the genera Phlebotomus (in Eurasia and Africa) and Lutzomyia (in America). Their victims are vertebrates: the leishmaniasis affect marsupials, canidae, rodents and primates. It is estimated that about 12 million humans currently suffer from leishmaniasis.<\/p>\n<p>CYCLE<\/p>\n<p>Parasitic forms<\/p>\n<p>-amastigote<br \/>\n\u20222 [&#8230;]<\/p>\n","protected":false},"author":3782,"featured_media":0,"parent":170,"menu_order":0,"comment_status":"closed","ping_status":"closed","template":"","meta":{"ngg_post_thumbnail":0,"_links_to":"","_links_to_target":""},"yoast_head":"<!-- This site is optimized with the Yoast SEO plugin v17.5 - https:\/\/yoast.com\/wordpress\/plugins\/seo\/ -->\n<meta name=\"robots\" content=\"index, follow, max-snippet:-1, max-image-preview:large, max-video-preview:-1\" \/>\n<link rel=\"canonical\" href=\"https:\/\/docenciamicrobiologia.umh.es\/en\/indice-de-practicas\/8-observacion-microscopica\/observacion-microscopica-de-parasitos\/leismania-donovani\/\" \/>\n<meta property=\"og:locale\" content=\"en_US\" \/>\n<meta property=\"og:type\" content=\"article\" \/>\n<meta property=\"og:title\" content=\"Leismania donovani - MicroWeb UMH\" \/>\n<meta property=\"og:description\" content=\"Leishmania is a protist genus that causes the disease known as leishmaniasis. The main infection vector are mosquitoes of the genera Phlebotomus (in Eurasia and Africa) and Lutzomyia (in America). Their victims are vertebrates: the leishmaniasis affect marsupials, canidae, rodents and primates. It is estimated that about 12 million humans currently suffer from leishmaniasis.   CYCLE Parasitic forms  -amastigote \u20222 [...]\" \/>\n<meta property=\"og:url\" content=\"https:\/\/docenciamicrobiologia.umh.es\/indice-de-practicas\/8-observacion-microscopica\/observacion-microscopica-de-parasitos\/leismania-donovani\/\" \/>\n<meta property=\"og:site_name\" content=\"MicroWeb UMH\" \/>\n<meta property=\"article:publisher\" content=\"https:\/\/www.facebook.com\/UniversidadMiguelHernandezElche\" \/>\n<meta property=\"article:modified_time\" content=\"2023-02-04T23:51:35+00:00\" \/>\n<meta property=\"og:image\" content=\"https:\/\/docenciamicrobiologia.umh.es\/files\/2021\/11\/Leishmania_LifeCycle.gif\" \/>\n<meta name=\"twitter:card\" content=\"summary_large_image\" \/>\n<meta name=\"twitter:site\" content=\"@UniversidadMH\" \/>\n<meta name=\"twitter:label1\" content=\"Est. reading time\" \/>\n\t<meta name=\"twitter:data1\" content=\"2 minutes\" \/>\n<script type=\"application\/ld+json\" class=\"yoast-schema-graph\">{\"@context\":\"https:\/\/schema.org\",\"@graph\":[{\"@type\":\"Organization\",\"@id\":\"https:\/\/docenciamicrobiologia.umh.es\/#organization\",\"name\":\"Universidad Miguel Hern\\u00e1ndez\",\"url\":\"https:\/\/docenciamicrobiologia.umh.es\/\",\"sameAs\":[\"https:\/\/www.facebook.com\/UniversidadMiguelHernandezElche\",\"http:\/\/instagram.com\/universidadmh\",\"http:\/\/es.linkedin.com\/edu\/universidad-miguel-hern\\u00e1ndez-de-elche-12237\",\"http:\/\/youtube.umh.es\/\",\"https:\/\/twitter.com\/UniversidadMH\"],\"logo\":{\"@type\":\"ImageObject\",\"@id\":\"https:\/\/docenciamicrobiologia.umh.es\/#logo\",\"inLanguage\":\"en-US\",\"url\":\"https:\/\/docenciamicrobiologia.umh.es\/files\/2021\/11\/logon.png\",\"contentUrl\":\"https:\/\/docenciamicrobiologia.umh.es\/files\/2021\/11\/logon.png\",\"width\":300,\"height\":100,\"caption\":\"Universidad Miguel Hern\\u00e1ndez\"},\"image\":{\"@id\":\"https:\/\/docenciamicrobiologia.umh.es\/#logo\"}},{\"@type\":\"WebSite\",\"@id\":\"https:\/\/docenciamicrobiologia.umh.es\/#website\",\"url\":\"https:\/\/docenciamicrobiologia.umh.es\/\",\"name\":\"MicroWeb UMH\",\"description\":\"Universidad Miguel Hern\\u00e1ndez de Elche\",\"publisher\":{\"@id\":\"https:\/\/docenciamicrobiologia.umh.es\/#organization\"},\"potentialAction\":[{\"@type\":\"SearchAction\",\"target\":{\"@type\":\"EntryPoint\",\"urlTemplate\":\"https:\/\/docenciamicrobiologia.umh.es\/?s={search_term_string}\"},\"query-input\":\"required name=search_term_string\"}],\"inLanguage\":\"en-US\"},{\"@type\":\"ImageObject\",\"@id\":\"https:\/\/docenciamicrobiologia.umh.es\/indice-de-practicas\/8-observacion-microscopica\/observacion-microscopica-de-parasitos\/leismania-donovani\/#primaryimage\",\"inLanguage\":\"en-US\",\"url\":\"https:\/\/docenciamicrobiologia.umh.es\/files\/2021\/11\/Leishmania_LifeCycle.gif\",\"contentUrl\":\"https:\/\/docenciamicrobiologia.umh.es\/files\/2021\/11\/Leishmania_LifeCycle.gif\",\"width\":579,\"height\":435},{\"@type\":\"WebPage\",\"@id\":\"https:\/\/docenciamicrobiologia.umh.es\/indice-de-practicas\/8-observacion-microscopica\/observacion-microscopica-de-parasitos\/leismania-donovani\/#webpage\",\"url\":\"https:\/\/docenciamicrobiologia.umh.es\/indice-de-practicas\/8-observacion-microscopica\/observacion-microscopica-de-parasitos\/leismania-donovani\/\",\"name\":\"Leismania donovani - MicroWeb UMH\",\"isPartOf\":{\"@id\":\"https:\/\/docenciamicrobiologia.umh.es\/#website\"},\"primaryImageOfPage\":{\"@id\":\"https:\/\/docenciamicrobiologia.umh.es\/indice-de-practicas\/8-observacion-microscopica\/observacion-microscopica-de-parasitos\/leismania-donovani\/#primaryimage\"},\"datePublished\":\"2021-11-05T12:14:29+00:00\",\"dateModified\":\"2023-02-04T23:51:35+00:00\",\"breadcrumb\":{\"@id\":\"https:\/\/docenciamicrobiologia.umh.es\/indice-de-practicas\/8-observacion-microscopica\/observacion-microscopica-de-parasitos\/leismania-donovani\/#breadcrumb\"},\"inLanguage\":\"en-US\",\"potentialAction\":[{\"@type\":\"ReadAction\",\"target\":[\"https:\/\/docenciamicrobiologia.umh.es\/indice-de-practicas\/8-observacion-microscopica\/observacion-microscopica-de-parasitos\/leismania-donovani\/\"]}]},{\"@type\":\"BreadcrumbList\",\"@id\":\"https:\/\/docenciamicrobiologia.umh.es\/indice-de-practicas\/8-observacion-microscopica\/observacion-microscopica-de-parasitos\/leismania-donovani\/#breadcrumb\",\"itemListElement\":[{\"@type\":\"ListItem\",\"position\":1,\"name\":\"Portada\",\"item\":\"https:\/\/docenciamicrobiologia.umh.es\/\"},{\"@type\":\"ListItem\",\"position\":2,\"name\":\"\\u00cdndice de Pr\\u00e1cticas\",\"item\":\"https:\/\/docenciamicrobiologia.umh.es\/indice-de-practicas\/\"},{\"@type\":\"ListItem\",\"position\":3,\"name\":\"8. Observaci\\u00f3n Microsc\\u00f3pica\",\"item\":\"https:\/\/docenciamicrobiologia.umh.es\/indice-de-practicas\/8-observacion-microscopica\/\"},{\"@type\":\"ListItem\",\"position\":4,\"name\":\"Observaci\\u00f3n microsc\\u00f3pica de par\\u00e1sitos\",\"item\":\"https:\/\/docenciamicrobiologia.umh.es\/indice-de-practicas\/8-observacion-microscopica\/observacion-microscopica-de-parasitos\/\"},{\"@type\":\"ListItem\",\"position\":5,\"name\":\"Leismania donovani\"}]}]}<\/script>\n<!-- \/ Yoast SEO plugin. -->","yoast_head_json":{"robots":{"index":"index","follow":"follow","max-snippet":"max-snippet:-1","max-image-preview":"max-image-preview:large","max-video-preview":"max-video-preview:-1"},"canonical":"https:\/\/docenciamicrobiologia.umh.es\/en\/indice-de-practicas\/8-observacion-microscopica\/observacion-microscopica-de-parasitos\/leismania-donovani\/","og_locale":"en_US","og_type":"article","og_title":"Leismania donovani - MicroWeb UMH","og_description":"Leishmania is a protist genus that causes the disease known as leishmaniasis. The main infection vector are mosquitoes of the genera Phlebotomus (in Eurasia and Africa) and Lutzomyia (in America). Their victims are vertebrates: the leishmaniasis affect marsupials, canidae, rodents and primates. It is estimated that about 12 million humans currently suffer from leishmaniasis.   CYCLE Parasitic forms  -amastigote \u20222 [...]","og_url":"https:\/\/docenciamicrobiologia.umh.es\/indice-de-practicas\/8-observacion-microscopica\/observacion-microscopica-de-parasitos\/leismania-donovani\/","og_site_name":"MicroWeb UMH","article_publisher":"https:\/\/www.facebook.com\/UniversidadMiguelHernandezElche","article_modified_time":"2023-02-04T23:51:35+00:00","og_image":[{"url":"https:\/\/docenciamicrobiologia.umh.es\/files\/2021\/11\/Leishmania_LifeCycle.gif"}],"twitter_card":"summary_large_image","twitter_site":"@UniversidadMH","twitter_misc":{"Est. reading time":"2 minutes"},"schema":{"@context":"https:\/\/schema.org","@graph":[{"@type":"Organization","@id":"https:\/\/docenciamicrobiologia.umh.es\/#organization","name":"Universidad Miguel Hern\u00e1ndez","url":"https:\/\/docenciamicrobiologia.umh.es\/","sameAs":["https:\/\/www.facebook.com\/UniversidadMiguelHernandezElche","http:\/\/instagram.com\/universidadmh","http:\/\/es.linkedin.com\/edu\/universidad-miguel-hern\u00e1ndez-de-elche-12237","http:\/\/youtube.umh.es\/","https:\/\/twitter.com\/UniversidadMH"],"logo":{"@type":"ImageObject","@id":"https:\/\/docenciamicrobiologia.umh.es\/#logo","inLanguage":"en-US","url":"https:\/\/docenciamicrobiologia.umh.es\/files\/2021\/11\/logon.png","contentUrl":"https:\/\/docenciamicrobiologia.umh.es\/files\/2021\/11\/logon.png","width":300,"height":100,"caption":"Universidad Miguel Hern\u00e1ndez"},"image":{"@id":"https:\/\/docenciamicrobiologia.umh.es\/#logo"}},{"@type":"WebSite","@id":"https:\/\/docenciamicrobiologia.umh.es\/#website","url":"https:\/\/docenciamicrobiologia.umh.es\/","name":"MicroWeb UMH","description":"Universidad Miguel Hern\u00e1ndez de Elche","publisher":{"@id":"https:\/\/docenciamicrobiologia.umh.es\/#organization"},"potentialAction":[{"@type":"SearchAction","target":{"@type":"EntryPoint","urlTemplate":"https:\/\/docenciamicrobiologia.umh.es\/?s={search_term_string}"},"query-input":"required name=search_term_string"}],"inLanguage":"en-US"},{"@type":"ImageObject","@id":"https:\/\/docenciamicrobiologia.umh.es\/indice-de-practicas\/8-observacion-microscopica\/observacion-microscopica-de-parasitos\/leismania-donovani\/#primaryimage","inLanguage":"en-US","url":"https:\/\/docenciamicrobiologia.umh.es\/files\/2021\/11\/Leishmania_LifeCycle.gif","contentUrl":"https:\/\/docenciamicrobiologia.umh.es\/files\/2021\/11\/Leishmania_LifeCycle.gif","width":579,"height":435},{"@type":"WebPage","@id":"https:\/\/docenciamicrobiologia.umh.es\/indice-de-practicas\/8-observacion-microscopica\/observacion-microscopica-de-parasitos\/leismania-donovani\/#webpage","url":"https:\/\/docenciamicrobiologia.umh.es\/indice-de-practicas\/8-observacion-microscopica\/observacion-microscopica-de-parasitos\/leismania-donovani\/","name":"Leismania donovani - MicroWeb UMH","isPartOf":{"@id":"https:\/\/docenciamicrobiologia.umh.es\/#website"},"primaryImageOfPage":{"@id":"https:\/\/docenciamicrobiologia.umh.es\/indice-de-practicas\/8-observacion-microscopica\/observacion-microscopica-de-parasitos\/leismania-donovani\/#primaryimage"},"datePublished":"2021-11-05T12:14:29+00:00","dateModified":"2023-02-04T23:51:35+00:00","breadcrumb":{"@id":"https:\/\/docenciamicrobiologia.umh.es\/indice-de-practicas\/8-observacion-microscopica\/observacion-microscopica-de-parasitos\/leismania-donovani\/#breadcrumb"},"inLanguage":"en-US","potentialAction":[{"@type":"ReadAction","target":["https:\/\/docenciamicrobiologia.umh.es\/indice-de-practicas\/8-observacion-microscopica\/observacion-microscopica-de-parasitos\/leismania-donovani\/"]}]},{"@type":"BreadcrumbList","@id":"https:\/\/docenciamicrobiologia.umh.es\/indice-de-practicas\/8-observacion-microscopica\/observacion-microscopica-de-parasitos\/leismania-donovani\/#breadcrumb","itemListElement":[{"@type":"ListItem","position":1,"name":"Portada","item":"https:\/\/docenciamicrobiologia.umh.es\/"},{"@type":"ListItem","position":2,"name":"\u00cdndice de Pr\u00e1cticas","item":"https:\/\/docenciamicrobiologia.umh.es\/indice-de-practicas\/"},{"@type":"ListItem","position":3,"name":"8. Observaci\u00f3n Microsc\u00f3pica","item":"https:\/\/docenciamicrobiologia.umh.es\/indice-de-practicas\/8-observacion-microscopica\/"},{"@type":"ListItem","position":4,"name":"Observaci\u00f3n microsc\u00f3pica de par\u00e1sitos","item":"https:\/\/docenciamicrobiologia.umh.es\/indice-de-practicas\/8-observacion-microscopica\/observacion-microscopica-de-parasitos\/"},{"@type":"ListItem","position":5,"name":"Leismania donovani"}]}]}},"_links":{"self":[{"href":"https:\/\/docenciamicrobiologia.umh.es\/en\/wp-json\/wp\/v2\/pages\/176"}],"collection":[{"href":"https:\/\/docenciamicrobiologia.umh.es\/en\/wp-json\/wp\/v2\/pages"}],"about":[{"href":"https:\/\/docenciamicrobiologia.umh.es\/en\/wp-json\/wp\/v2\/types\/page"}],"author":[{"embeddable":true,"href":"https:\/\/docenciamicrobiologia.umh.es\/en\/wp-json\/wp\/v2\/users\/3782"}],"replies":[{"embeddable":true,"href":"https:\/\/docenciamicrobiologia.umh.es\/en\/wp-json\/wp\/v2\/comments?post=176"}],"version-history":[{"count":0,"href":"https:\/\/docenciamicrobiologia.umh.es\/en\/wp-json\/wp\/v2\/pages\/176\/revisions"}],"up":[{"embeddable":true,"href":"https:\/\/docenciamicrobiologia.umh.es\/en\/wp-json\/wp\/v2\/pages\/170"}],"wp:attachment":[{"href":"https:\/\/docenciamicrobiologia.umh.es\/en\/wp-json\/wp\/v2\/media?parent=176"}],"curies":[{"name":"wp","href":"https:\/\/api.w.org\/{rel}","templated":true}]}}