{"id":1462,"date":"2022-01-25T09:33:29","date_gmt":"2022-01-25T08:33:29","guid":{"rendered":"https:\/\/docenciamicrobiologia.umh.es\/?page_id=1462"},"modified":"2022-02-01T19:51:53","modified_gmt":"2022-02-01T18:51:53","slug":"proyecto-micromundo","status":"publish","type":"page","link":"https:\/\/docenciamicrobiologia.umh.es\/en\/proyecto-micromundo\/","title":{"rendered":"Proyect MicroMundo"},"content":{"rendered":"<p>El proyecto MicroMundo es un proyecto de innovaci\u00f3n docente orientado hacia el aprendizaje-servicio. Lleva realiz\u00e1ndose en la UMH desde el curso 2017-18. En este proyecto se busca fomentar las carreras cient\u00edficas entre los estudiantes de ESO y Bachillerato al mismo tiempo que se forma a los estudiantes de las carreras relacionadas con las ciencias de la salud como son Biotecnolog\u00eda y Medicina. Durante una serie de sesiones los alumnos de la UMH act\u00faan de monitores de los alumnos de Bachillerato en la b\u00fasqueda de microorganismos productores de antibi\u00f3ticos y en la problem\u00e1tica para la Salud P\u00fablica que supone el aumento de la resistencias a dichos medicamentos, uno de los principales Objetivos del Desarrollo Sostenible.<\/p>\n<table style=\"border: hidden;margin: 0 auto\">\n<tbody>\n<tr style=\"border: hidden\">\n<td style=\"text-align: center\"><img loading=\"lazy\" class=\"alignnone size-medium wp-image-1549\" src=\"https:\/\/docenciamicrobiologia.umh.es\/files\/2022\/01\/IMG-26691-300x225.jpg\" alt=\"\" width=\"300\" height=\"225\" srcset=\"https:\/\/docenciamicrobiologia.umh.es\/files\/2022\/01\/IMG-26691-300x225.jpg 300w, https:\/\/docenciamicrobiologia.umh.es\/files\/2022\/01\/IMG-26691-1024x768.jpg 1024w, https:\/\/docenciamicrobiologia.umh.es\/files\/2022\/01\/IMG-26691-768x576.jpg 768w, https:\/\/docenciamicrobiologia.umh.es\/files\/2022\/01\/IMG-26691-1536x1152.jpg 1536w, https:\/\/docenciamicrobiologia.umh.es\/files\/2022\/01\/IMG-26691-2048x1536.jpg 2048w\" sizes=\"(max-width: 300px) 100vw, 300px\" \/><\/td>\n<td style=\"text-align: center\"><img loading=\"lazy\" class=\"alignnone wp-image-1543\" src=\"https:\/\/docenciamicrobiologia.umh.es\/files\/2022\/01\/IMG_20211006_163101-224x300.jpg\" alt=\"\" width=\"172\" height=\"231\" srcset=\"https:\/\/docenciamicrobiologia.umh.es\/files\/2022\/01\/IMG_20211006_163101-224x300.jpg 224w, https:\/\/docenciamicrobiologia.umh.es\/files\/2022\/01\/IMG_20211006_163101-766x1024.jpg 766w, https:\/\/docenciamicrobiologia.umh.es\/files\/2022\/01\/IMG_20211006_163101-768x1027.jpg 768w, https:\/\/docenciamicrobiologia.umh.es\/files\/2022\/01\/IMG_20211006_163101-1149x1536.jpg 1149w, https:\/\/docenciamicrobiologia.umh.es\/files\/2022\/01\/IMG_20211006_163101-1532x2048.jpg 1532w, https:\/\/docenciamicrobiologia.umh.es\/files\/2022\/01\/IMG_20211006_163101-scaled.jpg 1915w\" sizes=\"(max-width: 172px) 100vw, 172px\" \/><\/td>\n<td style=\"text-align: center\"><img loading=\"lazy\" class=\"alignnone size-medium wp-image-1525\" src=\"https:\/\/docenciamicrobiologia.umh.es\/files\/2022\/01\/IMG_20210928_164711-300x224.jpg\" alt=\"\" width=\"300\" height=\"224\" srcset=\"https:\/\/docenciamicrobiologia.umh.es\/files\/2022\/01\/IMG_20210928_164711-300x224.jpg 300w, https:\/\/docenciamicrobiologia.umh.es\/files\/2022\/01\/IMG_20210928_164711-1024x766.jpg 1024w, https:\/\/docenciamicrobiologia.umh.es\/files\/2022\/01\/IMG_20210928_164711-768x574.jpg 768w, https:\/\/docenciamicrobiologia.umh.es\/files\/2022\/01\/IMG_20210928_164711-1536x1149.jpg 1536w, https:\/\/docenciamicrobiologia.umh.es\/files\/2022\/01\/IMG_20210928_164711-2048x1532.jpg 2048w\" sizes=\"(max-width: 300px) 100vw, 300px\" \/><\/td>\n<td style=\"text-align: center\"><img loading=\"lazy\" class=\"alignnone size-medium wp-image-1540\" src=\"https:\/\/docenciamicrobiologia.umh.es\/files\/2022\/01\/IMG_20211006_162756-300x224.jpg\" alt=\"\" width=\"300\" height=\"224\" srcset=\"https:\/\/docenciamicrobiologia.umh.es\/files\/2022\/01\/IMG_20211006_162756-300x224.jpg 300w, https:\/\/docenciamicrobiologia.umh.es\/files\/2022\/01\/IMG_20211006_162756-1024x766.jpg 1024w, https:\/\/docenciamicrobiologia.umh.es\/files\/2022\/01\/IMG_20211006_162756-768x574.jpg 768w, https:\/\/docenciamicrobiologia.umh.es\/files\/2022\/01\/IMG_20211006_162756-1536x1149.jpg 1536w, https:\/\/docenciamicrobiologia.umh.es\/files\/2022\/01\/IMG_20211006_162756-2048x1532.jpg 2048w\" sizes=\"(max-width: 300px) 100vw, 300px\" \/><\/td>\n<\/tr>\n<tr style=\"border: hidden\">\n<td style=\"text-align: center\"><\/td>\n<td style=\"text-align: center\"><\/td>\n<td style=\"text-align: center\"><\/td>\n<td style=\"text-align: center\"><\/td>\n<\/tr>\n<\/tbody>\n<\/table>\n<p>Al final de dichas sesiones y de haber analizado los resultados experimentales, se realiza una ceremonia final en las instalaciones de la UMH, en la que se exponen los resultados obtenidos y se entregan los diplomas de haber completado el proyecto, tanto a los estudiantes de la UMH como a los estudiantes pre-universitarios. A dicha ceremonia est\u00e1n invitados los padres y familiares de los alumnos de la ESO.<\/p>\n<p>Las sesiones para el desarrollo del proyecto en los institutos de la ESO seleccionados para el proyecto son las siguientes:<\/p>\n<ul>\n<li><a href=\"https:\/\/docenciamicrobiologia.umh.es\/proyecto-micromundo\/english-sesion-1\/\">1\u00aa Sesi\u00f3n<\/a>.\u00a0 Introducci\u00f3n de los alumnos al proyecto MicroMundo y sus objetivos.<\/li>\n<li><a href=\"https:\/\/docenciamicrobiologia.umh.es\/proyecto-micromundo\/sesion-2\/\">2\u00aa Sesi\u00f3n<\/a>. Realizaci\u00f3n de t\u00e9cnicas microbiol\u00f3gicas as\u00e9pticas para analizar sus muestras.<\/li>\n<li><a href=\"https:\/\/docenciamicrobiologia.umh.es\/proyecto-micromundo\/sesion-3\/\">3\u00aa Sesi\u00f3n.<\/a> Observaci\u00f3n del crecimiento microbiano.<\/li>\n<li><a href=\"https:\/\/docenciamicrobiologia.umh.es\/proyecto-micromundo\/sesion-4\/\">4\u00aa Sesi\u00f3n<\/a>. Realizaci\u00f3n de t\u00e9cnicas microbiol\u00f3gicas para detectar posibles fen\u00f3menos de antibiosis.<\/li>\n<li><a href=\"https:\/\/docenciamicrobiologia.umh.es\/proyecto-micromundo\/sesion-5\/\">5\u00aa Sesi\u00f3n<\/a>. An\u00e1lisis y discusi\u00f3n de los resultados.<\/li>\n<\/ul>\n<p>Adem\u00e1s, los profesores participantes dar\u00e1n charlas sobre la problem\u00e1tica de las resistencias a los antibi\u00f3ticos en diferentes institutos de la ESO de la provincia de Alicante. De esa forma se da la m\u00e1xima difusi\u00f3n del proyecto MicroMundo entre el estamento educativo de la provincia.<\/p>\n<p>El proyecto se desarrolla a lo largo de todo un curso acad\u00e9mico con alumnos de los grados de Medicina y Biotecnolog\u00eda de la UMH.<\/p>\n<p>Para ampliar informaci\u00f3n pinchar en este <a href=\"https:\/\/www.semicrobiologia.org\/noticias\/el-proyecto-micromundo\">enlace<\/a>.<\/p>","protected":false},"excerpt":{"rendered":"<p>El proyecto MicroMundo es un proyecto de innovaci\u00f3n docente orientado hacia el aprendizaje-servicio. Lleva realiz\u00e1ndose en la UMH desde el curso 2017-18. En este proyecto se busca fomentar las carreras cient\u00edficas entre los estudiantes de ESO y Bachillerato al mismo tiempo que se forma a los estudiantes de las carreras relacionadas con las ciencias de [&#8230;]<\/p>\n","protected":false},"author":3,"featured_media":0,"parent":0,"menu_order":30,"comment_status":"closed","ping_status":"closed","template":"","meta":{"ngg_post_thumbnail":0,"_links_to":"","_links_to_target":""},"yoast_head":"<!-- This site is optimized with the Yoast SEO plugin v17.5 - https:\/\/yoast.com\/wordpress\/plugins\/seo\/ -->\n<meta name=\"robots\" content=\"index, follow, max-snippet:-1, max-image-preview:large, max-video-preview:-1\" \/>\n<link rel=\"canonical\" href=\"https:\/\/docenciamicrobiologia.umh.es\/en\/proyecto-micromundo\/\" \/>\n<meta property=\"og:locale\" content=\"en_US\" \/>\n<meta property=\"og:type\" content=\"article\" \/>\n<meta property=\"og:title\" content=\"Proyect MicroMundo - MicroWeb UMH\" \/>\n<meta property=\"og:description\" content=\"El proyecto MicroMundo es un proyecto de innovaci\u00f3n docente orientado hacia el aprendizaje-servicio. Lleva realiz\u00e1ndose en la UMH desde el curso 2017-18. En este proyecto se busca fomentar las carreras cient\u00edficas entre los estudiantes de ESO y Bachillerato al mismo tiempo que se forma a los estudiantes de las carreras relacionadas con las ciencias de [...]\" \/>\n<meta property=\"og:url\" content=\"https:\/\/docenciamicrobiologia.umh.es\/proyecto-micromundo\/\" \/>\n<meta property=\"og:site_name\" content=\"MicroWeb UMH\" \/>\n<meta property=\"article:publisher\" content=\"https:\/\/www.facebook.com\/UniversidadMiguelHernandezElche\" \/>\n<meta property=\"article:modified_time\" content=\"2022-02-01T18:51:53+00:00\" \/>\n<meta property=\"og:image\" content=\"https:\/\/docenciamicrobiologia.umh.es\/files\/2022\/01\/IMG-26691-300x225.jpg\" \/>\n<meta name=\"twitter:card\" content=\"summary_large_image\" \/>\n<meta name=\"twitter:site\" content=\"@UniversidadMH\" \/>\n<meta name=\"twitter:label1\" content=\"Est. reading time\" \/>\n\t<meta name=\"twitter:data1\" content=\"3 minutes\" \/>\n<script type=\"application\/ld+json\" class=\"yoast-schema-graph\">{\"@context\":\"https:\/\/schema.org\",\"@graph\":[{\"@type\":\"Organization\",\"@id\":\"https:\/\/docenciamicrobiologia.umh.es\/#organization\",\"name\":\"Universidad Miguel Hern\\u00e1ndez\",\"url\":\"https:\/\/docenciamicrobiologia.umh.es\/\",\"sameAs\":[\"https:\/\/www.facebook.com\/UniversidadMiguelHernandezElche\",\"http:\/\/instagram.com\/universidadmh\",\"http:\/\/es.linkedin.com\/edu\/universidad-miguel-hern\\u00e1ndez-de-elche-12237\",\"http:\/\/youtube.umh.es\/\",\"https:\/\/twitter.com\/UniversidadMH\"],\"logo\":{\"@type\":\"ImageObject\",\"@id\":\"https:\/\/docenciamicrobiologia.umh.es\/#logo\",\"inLanguage\":\"en-US\",\"url\":\"https:\/\/docenciamicrobiologia.umh.es\/files\/2021\/11\/logon.png\",\"contentUrl\":\"https:\/\/docenciamicrobiologia.umh.es\/files\/2021\/11\/logon.png\",\"width\":300,\"height\":100,\"caption\":\"Universidad Miguel Hern\\u00e1ndez\"},\"image\":{\"@id\":\"https:\/\/docenciamicrobiologia.umh.es\/#logo\"}},{\"@type\":\"WebSite\",\"@id\":\"https:\/\/docenciamicrobiologia.umh.es\/#website\",\"url\":\"https:\/\/docenciamicrobiologia.umh.es\/\",\"name\":\"MicroWeb UMH\",\"description\":\"Universidad Miguel Hern\\u00e1ndez de Elche\",\"publisher\":{\"@id\":\"https:\/\/docenciamicrobiologia.umh.es\/#organization\"},\"potentialAction\":[{\"@type\":\"SearchAction\",\"target\":{\"@type\":\"EntryPoint\",\"urlTemplate\":\"https:\/\/docenciamicrobiologia.umh.es\/?s={search_term_string}\"},\"query-input\":\"required name=search_term_string\"}],\"inLanguage\":\"en-US\"},{\"@type\":\"ImageObject\",\"@id\":\"https:\/\/docenciamicrobiologia.umh.es\/proyecto-micromundo\/#primaryimage\",\"inLanguage\":\"en-US\",\"url\":\"https:\/\/docenciamicrobiologia.umh.es\/files\/2022\/01\/IMG-26691-300x225.jpg\",\"contentUrl\":\"https:\/\/docenciamicrobiologia.umh.es\/files\/2022\/01\/IMG-26691-300x225.jpg\"},{\"@type\":\"WebPage\",\"@id\":\"https:\/\/docenciamicrobiologia.umh.es\/proyecto-micromundo\/#webpage\",\"url\":\"https:\/\/docenciamicrobiologia.umh.es\/proyecto-micromundo\/\",\"name\":\"Proyect MicroMundo - MicroWeb UMH\",\"isPartOf\":{\"@id\":\"https:\/\/docenciamicrobiologia.umh.es\/#website\"},\"primaryImageOfPage\":{\"@id\":\"https:\/\/docenciamicrobiologia.umh.es\/proyecto-micromundo\/#primaryimage\"},\"datePublished\":\"2022-01-25T08:33:29+00:00\",\"dateModified\":\"2022-02-01T18:51:53+00:00\",\"breadcrumb\":{\"@id\":\"https:\/\/docenciamicrobiologia.umh.es\/proyecto-micromundo\/#breadcrumb\"},\"inLanguage\":\"en-US\",\"potentialAction\":[{\"@type\":\"ReadAction\",\"target\":[\"https:\/\/docenciamicrobiologia.umh.es\/proyecto-micromundo\/\"]}]},{\"@type\":\"BreadcrumbList\",\"@id\":\"https:\/\/docenciamicrobiologia.umh.es\/proyecto-micromundo\/#breadcrumb\",\"itemListElement\":[{\"@type\":\"ListItem\",\"position\":1,\"name\":\"Portada\",\"item\":\"https:\/\/docenciamicrobiologia.umh.es\/\"},{\"@type\":\"ListItem\",\"position\":2,\"name\":\"Proyecto MicroMundo\"}]}]}<\/script>\n<!-- \/ Yoast SEO plugin. -->","yoast_head_json":{"robots":{"index":"index","follow":"follow","max-snippet":"max-snippet:-1","max-image-preview":"max-image-preview:large","max-video-preview":"max-video-preview:-1"},"canonical":"https:\/\/docenciamicrobiologia.umh.es\/en\/proyecto-micromundo\/","og_locale":"en_US","og_type":"article","og_title":"Proyect MicroMundo - MicroWeb UMH","og_description":"El proyecto MicroMundo es un proyecto de innovaci\u00f3n docente orientado hacia el aprendizaje-servicio. Lleva realiz\u00e1ndose en la UMH desde el curso 2017-18. En este proyecto se busca fomentar las carreras cient\u00edficas entre los estudiantes de ESO y Bachillerato al mismo tiempo que se forma a los estudiantes de las carreras relacionadas con las ciencias de [...]","og_url":"https:\/\/docenciamicrobiologia.umh.es\/proyecto-micromundo\/","og_site_name":"MicroWeb UMH","article_publisher":"https:\/\/www.facebook.com\/UniversidadMiguelHernandezElche","article_modified_time":"2022-02-01T18:51:53+00:00","og_image":[{"url":"https:\/\/docenciamicrobiologia.umh.es\/files\/2022\/01\/IMG-26691-300x225.jpg"}],"twitter_card":"summary_large_image","twitter_site":"@UniversidadMH","twitter_misc":{"Est. reading time":"3 minutes"},"schema":{"@context":"https:\/\/schema.org","@graph":[{"@type":"Organization","@id":"https:\/\/docenciamicrobiologia.umh.es\/#organization","name":"Universidad Miguel Hern\u00e1ndez","url":"https:\/\/docenciamicrobiologia.umh.es\/","sameAs":["https:\/\/www.facebook.com\/UniversidadMiguelHernandezElche","http:\/\/instagram.com\/universidadmh","http:\/\/es.linkedin.com\/edu\/universidad-miguel-hern\u00e1ndez-de-elche-12237","http:\/\/youtube.umh.es\/","https:\/\/twitter.com\/UniversidadMH"],"logo":{"@type":"ImageObject","@id":"https:\/\/docenciamicrobiologia.umh.es\/#logo","inLanguage":"en-US","url":"https:\/\/docenciamicrobiologia.umh.es\/files\/2021\/11\/logon.png","contentUrl":"https:\/\/docenciamicrobiologia.umh.es\/files\/2021\/11\/logon.png","width":300,"height":100,"caption":"Universidad Miguel Hern\u00e1ndez"},"image":{"@id":"https:\/\/docenciamicrobiologia.umh.es\/#logo"}},{"@type":"WebSite","@id":"https:\/\/docenciamicrobiologia.umh.es\/#website","url":"https:\/\/docenciamicrobiologia.umh.es\/","name":"MicroWeb UMH","description":"Universidad Miguel Hern\u00e1ndez de Elche","publisher":{"@id":"https:\/\/docenciamicrobiologia.umh.es\/#organization"},"potentialAction":[{"@type":"SearchAction","target":{"@type":"EntryPoint","urlTemplate":"https:\/\/docenciamicrobiologia.umh.es\/?s={search_term_string}"},"query-input":"required name=search_term_string"}],"inLanguage":"en-US"},{"@type":"ImageObject","@id":"https:\/\/docenciamicrobiologia.umh.es\/proyecto-micromundo\/#primaryimage","inLanguage":"en-US","url":"https:\/\/docenciamicrobiologia.umh.es\/files\/2022\/01\/IMG-26691-300x225.jpg","contentUrl":"https:\/\/docenciamicrobiologia.umh.es\/files\/2022\/01\/IMG-26691-300x225.jpg"},{"@type":"WebPage","@id":"https:\/\/docenciamicrobiologia.umh.es\/proyecto-micromundo\/#webpage","url":"https:\/\/docenciamicrobiologia.umh.es\/proyecto-micromundo\/","name":"Proyect MicroMundo - MicroWeb UMH","isPartOf":{"@id":"https:\/\/docenciamicrobiologia.umh.es\/#website"},"primaryImageOfPage":{"@id":"https:\/\/docenciamicrobiologia.umh.es\/proyecto-micromundo\/#primaryimage"},"datePublished":"2022-01-25T08:33:29+00:00","dateModified":"2022-02-01T18:51:53+00:00","breadcrumb":{"@id":"https:\/\/docenciamicrobiologia.umh.es\/proyecto-micromundo\/#breadcrumb"},"inLanguage":"en-US","potentialAction":[{"@type":"ReadAction","target":["https:\/\/docenciamicrobiologia.umh.es\/proyecto-micromundo\/"]}]},{"@type":"BreadcrumbList","@id":"https:\/\/docenciamicrobiologia.umh.es\/proyecto-micromundo\/#breadcrumb","itemListElement":[{"@type":"ListItem","position":1,"name":"Portada","item":"https:\/\/docenciamicrobiologia.umh.es\/"},{"@type":"ListItem","position":2,"name":"Proyecto MicroMundo"}]}]}},"_links":{"self":[{"href":"https:\/\/docenciamicrobiologia.umh.es\/en\/wp-json\/wp\/v2\/pages\/1462"}],"collection":[{"href":"https:\/\/docenciamicrobiologia.umh.es\/en\/wp-json\/wp\/v2\/pages"}],"about":[{"href":"https:\/\/docenciamicrobiologia.umh.es\/en\/wp-json\/wp\/v2\/types\/page"}],"author":[{"embeddable":true,"href":"https:\/\/docenciamicrobiologia.umh.es\/en\/wp-json\/wp\/v2\/users\/3"}],"replies":[{"embeddable":true,"href":"https:\/\/docenciamicrobiologia.umh.es\/en\/wp-json\/wp\/v2\/comments?post=1462"}],"version-history":[{"count":0,"href":"https:\/\/docenciamicrobiologia.umh.es\/en\/wp-json\/wp\/v2\/pages\/1462\/revisions"}],"wp:attachment":[{"href":"https:\/\/docenciamicrobiologia.umh.es\/en\/wp-json\/wp\/v2\/media?parent=1462"}],"curies":[{"name":"wp","href":"https:\/\/api.w.org\/{rel}","templated":true}]}}