{"id":86,"date":"2021-11-05T13:00:09","date_gmt":"2021-11-05T12:00:09","guid":{"rendered":"https:\/\/docenciamicrobiologia.umh.es\/?page_id=86"},"modified":"2025-09-21T19:47:47","modified_gmt":"2025-09-21T17:47:47","slug":"acidificacion-de-hidratos-de-carbono","status":"publish","type":"page","link":"https:\/\/docenciamicrobiologia.umh.es\/ca\/indice-de-practicas\/5-identificacion-bacteriana\/acidificacion-de-hidratos-de-carbono\/","title":{"rendered":"<span lang=\"es\">(Espa\u00f1ol) Acidificaci\u00f3n de hidratos de carbono<\/span>"},"content":{"rendered":"<p class=\"qtranxs-available-languages-message qtranxs-available-languages-message-ca\">Ho sentim, aquesta entrada es troba disponible \u00fanicament en <a href=\"https:\/\/docenciamicrobiologia.umh.es\/es\/wp-json\/wp\/v2\/pages\/86\" class=\"qtranxs-available-language-link qtranxs-available-language-link-es\" title=\"Espa\u00f1ol\">Espanyol Europeu<\/a> i <a href=\"https:\/\/docenciamicrobiologia.umh.es\/en\/wp-json\/wp\/v2\/pages\/86\" class=\"qtranxs-available-language-link qtranxs-available-language-link-en\" title=\"English\">Angl\u00e8s Americ\u00e0<\/a>.<\/p>","protected":false},"excerpt":{"rendered":"<p>Ho sentim, aquesta entrada es troba disponible \u00fanicament en Espanyol Europeu i Angl\u00e8s Americ\u00e0.<\/p>\n","protected":false},"author":3782,"featured_media":0,"parent":83,"menu_order":20,"comment_status":"closed","ping_status":"closed","template":"","meta":{"ngg_post_thumbnail":0,"_links_to":"","_links_to_target":""},"yoast_head":"<!-- This site is optimized with the Yoast SEO plugin v17.5 - https:\/\/yoast.com\/wordpress\/plugins\/seo\/ -->\n<meta name=\"robots\" content=\"index, follow, max-snippet:-1, max-image-preview:large, max-video-preview:-1\" \/>\n<link rel=\"canonical\" href=\"https:\/\/docenciamicrobiologia.umh.es\/ca\/indice-de-practicas\/5-identificacion-bacteriana\/acidificacion-de-hidratos-de-carbono\/\" \/>\n<meta property=\"og:locale\" content=\"ca_ES\" \/>\n<meta property=\"og:type\" content=\"article\" \/>\n<meta property=\"og:title\" content=\"(Espa\u00f1ol) Acidificaci\u00f3n de hidratos de carbono - MicroWeb UMH\" \/>\n<meta property=\"og:description\" content=\"Ho sentim, aquesta entrada es troba disponible \u00fanicament en Espanyol Europeu i Angl\u00e8s Americ\u00e0.\" \/>\n<meta property=\"og:url\" content=\"https:\/\/docenciamicrobiologia.umh.es\/indice-de-practicas\/5-identificacion-bacteriana\/acidificacion-de-hidratos-de-carbono\/\" \/>\n<meta property=\"og:site_name\" content=\"MicroWeb UMH\" \/>\n<meta property=\"article:publisher\" content=\"https:\/\/www.facebook.com\/UniversidadMiguelHernandezElche\" \/>\n<meta property=\"article:modified_time\" content=\"2025-09-21T17:47:47+00:00\" \/>\n<meta property=\"og:image\" content=\"https:\/\/docenciamicrobiologia.umh.es\/files\/2022\/11\/Acidificacion-de-hidratos3-212x300.jpg\" \/>\n<meta name=\"twitter:card\" content=\"summary_large_image\" \/>\n<meta name=\"twitter:site\" content=\"@UniversidadMH\" \/>\n<meta name=\"twitter:label1\" content=\"Est. reading time\" \/>\n\t<meta name=\"twitter:data1\" content=\"3 minuts\" \/>\n<script type=\"application\/ld+json\" class=\"yoast-schema-graph\">{\"@context\":\"https:\/\/schema.org\",\"@graph\":[{\"@type\":\"Organization\",\"@id\":\"https:\/\/docenciamicrobiologia.umh.es\/#organization\",\"name\":\"Universidad Miguel Hern\\u00e1ndez\",\"url\":\"https:\/\/docenciamicrobiologia.umh.es\/\",\"sameAs\":[\"https:\/\/www.facebook.com\/UniversidadMiguelHernandezElche\",\"http:\/\/instagram.com\/universidadmh\",\"http:\/\/es.linkedin.com\/edu\/universidad-miguel-hern\\u00e1ndez-de-elche-12237\",\"http:\/\/youtube.umh.es\/\",\"https:\/\/twitter.com\/UniversidadMH\"],\"logo\":{\"@type\":\"ImageObject\",\"@id\":\"https:\/\/docenciamicrobiologia.umh.es\/#logo\",\"inLanguage\":\"ca\",\"url\":\"https:\/\/docenciamicrobiologia.umh.es\/files\/2021\/11\/logon.png\",\"contentUrl\":\"https:\/\/docenciamicrobiologia.umh.es\/files\/2021\/11\/logon.png\",\"width\":300,\"height\":100,\"caption\":\"Universidad Miguel Hern\\u00e1ndez\"},\"image\":{\"@id\":\"https:\/\/docenciamicrobiologia.umh.es\/#logo\"}},{\"@type\":\"WebSite\",\"@id\":\"https:\/\/docenciamicrobiologia.umh.es\/#website\",\"url\":\"https:\/\/docenciamicrobiologia.umh.es\/\",\"name\":\"MicroWeb UMH\",\"description\":\"Universidad Miguel Hern\\u00e1ndez de Elche\",\"publisher\":{\"@id\":\"https:\/\/docenciamicrobiologia.umh.es\/#organization\"},\"potentialAction\":[{\"@type\":\"SearchAction\",\"target\":{\"@type\":\"EntryPoint\",\"urlTemplate\":\"https:\/\/docenciamicrobiologia.umh.es\/?s={search_term_string}\"},\"query-input\":\"required name=search_term_string\"}],\"inLanguage\":\"ca\"},{\"@type\":\"ImageObject\",\"@id\":\"https:\/\/docenciamicrobiologia.umh.es\/indice-de-practicas\/5-identificacion-bacteriana\/acidificacion-de-hidratos-de-carbono\/#primaryimage\",\"inLanguage\":\"ca\",\"url\":\"https:\/\/docenciamicrobiologia.umh.es\/files\/2022\/11\/Acidificacion-de-hidratos3-212x300.jpg\",\"contentUrl\":\"https:\/\/docenciamicrobiologia.umh.es\/files\/2022\/11\/Acidificacion-de-hidratos3-212x300.jpg\"},{\"@type\":\"WebPage\",\"@id\":\"https:\/\/docenciamicrobiologia.umh.es\/indice-de-practicas\/5-identificacion-bacteriana\/acidificacion-de-hidratos-de-carbono\/#webpage\",\"url\":\"https:\/\/docenciamicrobiologia.umh.es\/indice-de-practicas\/5-identificacion-bacteriana\/acidificacion-de-hidratos-de-carbono\/\",\"name\":\"<span lang=\\\"es\\\">(Espa\\u00f1ol) Acidificaci\\u00f3n de hidratos de carbono - MicroWeb UMH<\/span>\",\"isPartOf\":{\"@id\":\"https:\/\/docenciamicrobiologia.umh.es\/#website\"},\"primaryImageOfPage\":{\"@id\":\"https:\/\/docenciamicrobiologia.umh.es\/indice-de-practicas\/5-identificacion-bacteriana\/acidificacion-de-hidratos-de-carbono\/#primaryimage\"},\"datePublished\":\"2021-11-05T12:00:09+00:00\",\"dateModified\":\"2025-09-21T17:47:47+00:00\",\"breadcrumb\":{\"@id\":\"https:\/\/docenciamicrobiologia.umh.es\/indice-de-practicas\/5-identificacion-bacteriana\/acidificacion-de-hidratos-de-carbono\/#breadcrumb\"},\"inLanguage\":\"ca\",\"potentialAction\":[{\"@type\":\"ReadAction\",\"target\":[\"https:\/\/docenciamicrobiologia.umh.es\/indice-de-practicas\/5-identificacion-bacteriana\/acidificacion-de-hidratos-de-carbono\/\"]}]},{\"@type\":\"BreadcrumbList\",\"@id\":\"https:\/\/docenciamicrobiologia.umh.es\/indice-de-practicas\/5-identificacion-bacteriana\/acidificacion-de-hidratos-de-carbono\/#breadcrumb\",\"itemListElement\":[{\"@type\":\"ListItem\",\"position\":1,\"name\":\"Portada\",\"item\":\"https:\/\/docenciamicrobiologia.umh.es\/\"},{\"@type\":\"ListItem\",\"position\":2,\"name\":\"\\u00cdndice de Pr\\u00e1cticas\",\"item\":\"https:\/\/docenciamicrobiologia.umh.es\/indice-de-practicas\/\"},{\"@type\":\"ListItem\",\"position\":3,\"name\":\"5. Identificaci\\u00f3n Bacteriana\",\"item\":\"https:\/\/docenciamicrobiologia.umh.es\/indice-de-practicas\/5-identificacion-bacteriana\/\"},{\"@type\":\"ListItem\",\"position\":4,\"name\":\"Acidificaci\\u00f3n de hidratos de carbono\"}]}]}<\/script>\n<!-- \/ Yoast SEO plugin. -->","yoast_head_json":{"robots":{"index":"index","follow":"follow","max-snippet":"max-snippet:-1","max-image-preview":"max-image-preview:large","max-video-preview":"max-video-preview:-1"},"canonical":"https:\/\/docenciamicrobiologia.umh.es\/ca\/indice-de-practicas\/5-identificacion-bacteriana\/acidificacion-de-hidratos-de-carbono\/","og_locale":"ca_ES","og_type":"article","og_title":"(Espa\u00f1ol) Acidificaci\u00f3n de hidratos de carbono - MicroWeb UMH","og_description":"Ho sentim, aquesta entrada es troba disponible \u00fanicament en Espanyol Europeu i Angl\u00e8s Americ\u00e0.","og_url":"https:\/\/docenciamicrobiologia.umh.es\/indice-de-practicas\/5-identificacion-bacteriana\/acidificacion-de-hidratos-de-carbono\/","og_site_name":"MicroWeb UMH","article_publisher":"https:\/\/www.facebook.com\/UniversidadMiguelHernandezElche","article_modified_time":"2025-09-21T17:47:47+00:00","og_image":[{"url":"https:\/\/docenciamicrobiologia.umh.es\/files\/2022\/11\/Acidificacion-de-hidratos3-212x300.jpg"}],"twitter_card":"summary_large_image","twitter_site":"@UniversidadMH","twitter_misc":{"Est. reading time":"3 minuts"},"schema":{"@context":"https:\/\/schema.org","@graph":[{"@type":"Organization","@id":"https:\/\/docenciamicrobiologia.umh.es\/#organization","name":"Universidad Miguel Hern\u00e1ndez","url":"https:\/\/docenciamicrobiologia.umh.es\/","sameAs":["https:\/\/www.facebook.com\/UniversidadMiguelHernandezElche","http:\/\/instagram.com\/universidadmh","http:\/\/es.linkedin.com\/edu\/universidad-miguel-hern\u00e1ndez-de-elche-12237","http:\/\/youtube.umh.es\/","https:\/\/twitter.com\/UniversidadMH"],"logo":{"@type":"ImageObject","@id":"https:\/\/docenciamicrobiologia.umh.es\/#logo","inLanguage":"ca","url":"https:\/\/docenciamicrobiologia.umh.es\/files\/2021\/11\/logon.png","contentUrl":"https:\/\/docenciamicrobiologia.umh.es\/files\/2021\/11\/logon.png","width":300,"height":100,"caption":"Universidad Miguel Hern\u00e1ndez"},"image":{"@id":"https:\/\/docenciamicrobiologia.umh.es\/#logo"}},{"@type":"WebSite","@id":"https:\/\/docenciamicrobiologia.umh.es\/#website","url":"https:\/\/docenciamicrobiologia.umh.es\/","name":"MicroWeb UMH","description":"Universidad Miguel Hern\u00e1ndez de Elche","publisher":{"@id":"https:\/\/docenciamicrobiologia.umh.es\/#organization"},"potentialAction":[{"@type":"SearchAction","target":{"@type":"EntryPoint","urlTemplate":"https:\/\/docenciamicrobiologia.umh.es\/?s={search_term_string}"},"query-input":"required name=search_term_string"}],"inLanguage":"ca"},{"@type":"ImageObject","@id":"https:\/\/docenciamicrobiologia.umh.es\/indice-de-practicas\/5-identificacion-bacteriana\/acidificacion-de-hidratos-de-carbono\/#primaryimage","inLanguage":"ca","url":"https:\/\/docenciamicrobiologia.umh.es\/files\/2022\/11\/Acidificacion-de-hidratos3-212x300.jpg","contentUrl":"https:\/\/docenciamicrobiologia.umh.es\/files\/2022\/11\/Acidificacion-de-hidratos3-212x300.jpg"},{"@type":"WebPage","@id":"https:\/\/docenciamicrobiologia.umh.es\/indice-de-practicas\/5-identificacion-bacteriana\/acidificacion-de-hidratos-de-carbono\/#webpage","url":"https:\/\/docenciamicrobiologia.umh.es\/indice-de-practicas\/5-identificacion-bacteriana\/acidificacion-de-hidratos-de-carbono\/","name":"<span lang=\"es\">(Espa\u00f1ol) Acidificaci\u00f3n de hidratos de carbono - MicroWeb UMH<\/span>","isPartOf":{"@id":"https:\/\/docenciamicrobiologia.umh.es\/#website"},"primaryImageOfPage":{"@id":"https:\/\/docenciamicrobiologia.umh.es\/indice-de-practicas\/5-identificacion-bacteriana\/acidificacion-de-hidratos-de-carbono\/#primaryimage"},"datePublished":"2021-11-05T12:00:09+00:00","dateModified":"2025-09-21T17:47:47+00:00","breadcrumb":{"@id":"https:\/\/docenciamicrobiologia.umh.es\/indice-de-practicas\/5-identificacion-bacteriana\/acidificacion-de-hidratos-de-carbono\/#breadcrumb"},"inLanguage":"ca","potentialAction":[{"@type":"ReadAction","target":["https:\/\/docenciamicrobiologia.umh.es\/indice-de-practicas\/5-identificacion-bacteriana\/acidificacion-de-hidratos-de-carbono\/"]}]},{"@type":"BreadcrumbList","@id":"https:\/\/docenciamicrobiologia.umh.es\/indice-de-practicas\/5-identificacion-bacteriana\/acidificacion-de-hidratos-de-carbono\/#breadcrumb","itemListElement":[{"@type":"ListItem","position":1,"name":"Portada","item":"https:\/\/docenciamicrobiologia.umh.es\/"},{"@type":"ListItem","position":2,"name":"\u00cdndice de Pr\u00e1cticas","item":"https:\/\/docenciamicrobiologia.umh.es\/indice-de-practicas\/"},{"@type":"ListItem","position":3,"name":"5. Identificaci\u00f3n Bacteriana","item":"https:\/\/docenciamicrobiologia.umh.es\/indice-de-practicas\/5-identificacion-bacteriana\/"},{"@type":"ListItem","position":4,"name":"Acidificaci\u00f3n de hidratos de carbono"}]}]}},"_links":{"self":[{"href":"https:\/\/docenciamicrobiologia.umh.es\/ca\/wp-json\/wp\/v2\/pages\/86"}],"collection":[{"href":"https:\/\/docenciamicrobiologia.umh.es\/ca\/wp-json\/wp\/v2\/pages"}],"about":[{"href":"https:\/\/docenciamicrobiologia.umh.es\/ca\/wp-json\/wp\/v2\/types\/page"}],"author":[{"embeddable":true,"href":"https:\/\/docenciamicrobiologia.umh.es\/ca\/wp-json\/wp\/v2\/users\/3782"}],"replies":[{"embeddable":true,"href":"https:\/\/docenciamicrobiologia.umh.es\/ca\/wp-json\/wp\/v2\/comments?post=86"}],"version-history":[{"count":0,"href":"https:\/\/docenciamicrobiologia.umh.es\/ca\/wp-json\/wp\/v2\/pages\/86\/revisions"}],"up":[{"embeddable":true,"href":"https:\/\/docenciamicrobiologia.umh.es\/ca\/wp-json\/wp\/v2\/pages\/83"}],"wp:attachment":[{"href":"https:\/\/docenciamicrobiologia.umh.es\/ca\/wp-json\/wp\/v2\/media?parent=86"}],"curies":[{"name":"wp","href":"https:\/\/api.w.org\/{rel}","templated":true}]}}