{"id":1462,"date":"2022-01-25T09:33:29","date_gmt":"2022-01-25T08:33:29","guid":{"rendered":"https:\/\/docenciamicrobiologia.umh.es\/?page_id=1462"},"modified":"2022-02-01T19:51:53","modified_gmt":"2022-02-01T18:51:53","slug":"proyecto-micromundo","status":"publish","type":"page","link":"https:\/\/docenciamicrobiologia.umh.es\/ca\/proyecto-micromundo\/","title":{"rendered":"Proyecto MicroMundo"},"content":{"rendered":"<p>El proyecto MicroMundo es un proyecto de innovaci\u00f3n docente orientado hacia el aprendizaje-servicio. Lleva realiz\u00e1ndose en la UMH desde el curso 2017-18. En este proyecto se busca fomentar las carreras cient\u00edficas entre los estudiantes de ESO y Bachillerato al mismo tiempo que se forma a los estudiantes de las carreras relacionadas con las ciencias de la salud como son Biotecnolog\u00eda y Medicina. Durante una serie de sesiones los alumnos de la UMH act\u00faan de monitores de los alumnos de Bachillerato en la b\u00fasqueda de microorganismos productores de antibi\u00f3ticos y en la problem\u00e1tica para la Salud P\u00fablica que supone el aumento de la resistencias a dichos medicamentos, uno de los principales Objetivos del Desarrollo Sostenible. Al final de dichas sesiones y de haber analizado los resultados experimentales, se realiza una ceremonia final en las instalaciones de la UMH, en la que se exponen los resultados obtenidos y se entregan los diplomas de haber completado el proyecto, tanto a los estudiantes de la UMH como a los estudiantes pre-universitarios. A dicha ceremonia est\u00e1n invitados los padres y familiares de los alumnos de la ESO por lo que hay una asistencia considerable. Adem\u00e1s, el proyecto tambi\u00e9n participar\u00e1 en eventos divulgativos \u2013 por ejemplo la Noche de las Investigadoras, o en eventos educativos como las Jornadas de San Alberto Magno.<\/p>\n<p>Las sesiones para el desarrollo del proyecto en los institutos de la ESO seleccionados para el proyecto son las siguientes:<\/p>\n<p>1\u00aa sesi\u00f3n: se introducir\u00e1 a los alumnos el proyecto MicroMundo y sus objetivos. Se explicar\u00e1 el problema de la resistencia antibi\u00f3tica y su trascendencia, se expondr\u00e1 la biodiversidad microbiana en el medio ambiente, se repartir\u00e1 el \u201ckit\u201d de recogida de muestra y se dar\u00e1n las instrucciones para su uso.<\/p>\n<p>2\u00aa sesi\u00f3n: los estudiantes utilizaran t\u00e9cnicas microbiol\u00f3gicas as\u00e9pticas para analizar sus muestras, diluirlas y sembrarlas en medios microbiol\u00f3gicos.<\/p>\n<p>3\u00aa sesi\u00f3n: los estudiantes observar\u00e1n el crecimiento microbiano en los medios que han inoculado y seleccionar\u00e1n colonias para estudiar en cultivo puro.<\/p>\n<p>4\u00aa sesi\u00f3n: se enfrentar\u00e1n los microorganismos que se hayan aislado con \u00e9xito a bacterias inofensivas pero muy similares biol\u00f3gicamente a las \u201csuperbacterias\u201d multirresistentes, con el fin de detectar posibles fen\u00f3menos de antibiosis.<\/p>\n<p>5\u00aa sesi\u00f3n: se detectar\u00e1n los posibles positivos y se analizar\u00e1n, discutir\u00e1n y registrar\u00e1n los resultados. Las cepas aisladas con potencial inter\u00e9s biotecnol\u00f3gico ser\u00e1n depositadas en una colecci\u00f3n de microorganismos p\u00fablica.<\/p>\n<p>Adem\u00e1s, los profesores participantes dar\u00e1n charlas sobre la problem\u00e1tica de las resistencias a los antibi\u00f3ticos en diferentes institutos de la ESO de la provincia de Alicante. De esa forma se da la m\u00e1xima difusi\u00f3n del proyecto MicroMundo entre el estamento educativo de la provincia.<\/p>\n<p>El proyecto se desarrolla a lo largo de todo un curso acad\u00e9mico con alumnos de los grados de Medicina y Biotecnolog\u00eda de la UMH.<\/p>","protected":false},"excerpt":{"rendered":"<p>El proyecto MicroMundo es un proyecto de innovaci\u00f3n docente orientado hacia el aprendizaje-servicio. Lleva realiz\u00e1ndose en la UMH desde el curso 2017-18. En este proyecto se busca fomentar las carreras cient\u00edficas entre los estudiantes de ESO y Bachillerato al mismo tiempo que se forma a los estudiantes de las carreras relacionadas con las ciencias de [&#8230;]<\/p>\n","protected":false},"author":3,"featured_media":0,"parent":0,"menu_order":30,"comment_status":"closed","ping_status":"closed","template":"","meta":{"ngg_post_thumbnail":0,"_links_to":"","_links_to_target":""},"yoast_head":"<!-- This site is optimized with the Yoast SEO plugin v17.5 - https:\/\/yoast.com\/wordpress\/plugins\/seo\/ -->\n<meta name=\"robots\" content=\"index, follow, max-snippet:-1, max-image-preview:large, max-video-preview:-1\" \/>\n<link rel=\"canonical\" href=\"https:\/\/docenciamicrobiologia.umh.es\/ca\/proyecto-micromundo\/\" \/>\n<meta property=\"og:locale\" content=\"ca_ES\" \/>\n<meta property=\"og:type\" content=\"article\" \/>\n<meta property=\"og:title\" content=\"Proyecto MicroMundo - MicroWeb UMH\" \/>\n<meta property=\"og:description\" content=\"El proyecto MicroMundo es un proyecto de innovaci\u00f3n docente orientado hacia el aprendizaje-servicio. Lleva realiz\u00e1ndose en la UMH desde el curso 2017-18. En este proyecto se busca fomentar las carreras cient\u00edficas entre los estudiantes de ESO y Bachillerato al mismo tiempo que se forma a los estudiantes de las carreras relacionadas con las ciencias de [...]\" \/>\n<meta property=\"og:url\" content=\"https:\/\/docenciamicrobiologia.umh.es\/proyecto-micromundo\/\" \/>\n<meta property=\"og:site_name\" content=\"MicroWeb UMH\" \/>\n<meta property=\"article:publisher\" content=\"https:\/\/www.facebook.com\/UniversidadMiguelHernandezElche\" \/>\n<meta property=\"article:modified_time\" content=\"2022-02-01T18:51:53+00:00\" \/>\n<meta property=\"og:image\" content=\"https:\/\/docenciamicrobiologia.umh.es\/files\/2022\/01\/IMG-26691-300x225.jpg\" \/>\n<meta name=\"twitter:card\" content=\"summary_large_image\" \/>\n<meta name=\"twitter:site\" content=\"@UniversidadMH\" \/>\n<meta name=\"twitter:label1\" content=\"Est. reading time\" \/>\n\t<meta name=\"twitter:data1\" content=\"3 minuts\" \/>\n<script type=\"application\/ld+json\" class=\"yoast-schema-graph\">{\"@context\":\"https:\/\/schema.org\",\"@graph\":[{\"@type\":\"Organization\",\"@id\":\"https:\/\/docenciamicrobiologia.umh.es\/#organization\",\"name\":\"Universidad Miguel Hern\\u00e1ndez\",\"url\":\"https:\/\/docenciamicrobiologia.umh.es\/\",\"sameAs\":[\"https:\/\/www.facebook.com\/UniversidadMiguelHernandezElche\",\"http:\/\/instagram.com\/universidadmh\",\"http:\/\/es.linkedin.com\/edu\/universidad-miguel-hern\\u00e1ndez-de-elche-12237\",\"http:\/\/youtube.umh.es\/\",\"https:\/\/twitter.com\/UniversidadMH\"],\"logo\":{\"@type\":\"ImageObject\",\"@id\":\"https:\/\/docenciamicrobiologia.umh.es\/#logo\",\"inLanguage\":\"ca\",\"url\":\"https:\/\/docenciamicrobiologia.umh.es\/files\/2021\/11\/logon.png\",\"contentUrl\":\"https:\/\/docenciamicrobiologia.umh.es\/files\/2021\/11\/logon.png\",\"width\":300,\"height\":100,\"caption\":\"Universidad Miguel Hern\\u00e1ndez\"},\"image\":{\"@id\":\"https:\/\/docenciamicrobiologia.umh.es\/#logo\"}},{\"@type\":\"WebSite\",\"@id\":\"https:\/\/docenciamicrobiologia.umh.es\/#website\",\"url\":\"https:\/\/docenciamicrobiologia.umh.es\/\",\"name\":\"MicroWeb UMH\",\"description\":\"Universidad Miguel Hern\\u00e1ndez de Elche\",\"publisher\":{\"@id\":\"https:\/\/docenciamicrobiologia.umh.es\/#organization\"},\"potentialAction\":[{\"@type\":\"SearchAction\",\"target\":{\"@type\":\"EntryPoint\",\"urlTemplate\":\"https:\/\/docenciamicrobiologia.umh.es\/?s={search_term_string}\"},\"query-input\":\"required name=search_term_string\"}],\"inLanguage\":\"ca\"},{\"@type\":\"ImageObject\",\"@id\":\"https:\/\/docenciamicrobiologia.umh.es\/proyecto-micromundo\/#primaryimage\",\"inLanguage\":\"ca\",\"url\":\"https:\/\/docenciamicrobiologia.umh.es\/files\/2022\/01\/IMG-26691-300x225.jpg\",\"contentUrl\":\"https:\/\/docenciamicrobiologia.umh.es\/files\/2022\/01\/IMG-26691-300x225.jpg\"},{\"@type\":\"WebPage\",\"@id\":\"https:\/\/docenciamicrobiologia.umh.es\/proyecto-micromundo\/#webpage\",\"url\":\"https:\/\/docenciamicrobiologia.umh.es\/proyecto-micromundo\/\",\"name\":\"Proyecto MicroMundo - MicroWeb UMH\",\"isPartOf\":{\"@id\":\"https:\/\/docenciamicrobiologia.umh.es\/#website\"},\"primaryImageOfPage\":{\"@id\":\"https:\/\/docenciamicrobiologia.umh.es\/proyecto-micromundo\/#primaryimage\"},\"datePublished\":\"2022-01-25T08:33:29+00:00\",\"dateModified\":\"2022-02-01T18:51:53+00:00\",\"breadcrumb\":{\"@id\":\"https:\/\/docenciamicrobiologia.umh.es\/proyecto-micromundo\/#breadcrumb\"},\"inLanguage\":\"ca\",\"potentialAction\":[{\"@type\":\"ReadAction\",\"target\":[\"https:\/\/docenciamicrobiologia.umh.es\/proyecto-micromundo\/\"]}]},{\"@type\":\"BreadcrumbList\",\"@id\":\"https:\/\/docenciamicrobiologia.umh.es\/proyecto-micromundo\/#breadcrumb\",\"itemListElement\":[{\"@type\":\"ListItem\",\"position\":1,\"name\":\"Portada\",\"item\":\"https:\/\/docenciamicrobiologia.umh.es\/\"},{\"@type\":\"ListItem\",\"position\":2,\"name\":\"Proyecto MicroMundo\"}]}]}<\/script>\n<!-- \/ Yoast SEO plugin. -->","yoast_head_json":{"robots":{"index":"index","follow":"follow","max-snippet":"max-snippet:-1","max-image-preview":"max-image-preview:large","max-video-preview":"max-video-preview:-1"},"canonical":"https:\/\/docenciamicrobiologia.umh.es\/ca\/proyecto-micromundo\/","og_locale":"ca_ES","og_type":"article","og_title":"Proyecto MicroMundo - MicroWeb UMH","og_description":"El proyecto MicroMundo es un proyecto de innovaci\u00f3n docente orientado hacia el aprendizaje-servicio. Lleva realiz\u00e1ndose en la UMH desde el curso 2017-18. En este proyecto se busca fomentar las carreras cient\u00edficas entre los estudiantes de ESO y Bachillerato al mismo tiempo que se forma a los estudiantes de las carreras relacionadas con las ciencias de [...]","og_url":"https:\/\/docenciamicrobiologia.umh.es\/proyecto-micromundo\/","og_site_name":"MicroWeb UMH","article_publisher":"https:\/\/www.facebook.com\/UniversidadMiguelHernandezElche","article_modified_time":"2022-02-01T18:51:53+00:00","og_image":[{"url":"https:\/\/docenciamicrobiologia.umh.es\/files\/2022\/01\/IMG-26691-300x225.jpg"}],"twitter_card":"summary_large_image","twitter_site":"@UniversidadMH","twitter_misc":{"Est. reading time":"3 minuts"},"schema":{"@context":"https:\/\/schema.org","@graph":[{"@type":"Organization","@id":"https:\/\/docenciamicrobiologia.umh.es\/#organization","name":"Universidad Miguel Hern\u00e1ndez","url":"https:\/\/docenciamicrobiologia.umh.es\/","sameAs":["https:\/\/www.facebook.com\/UniversidadMiguelHernandezElche","http:\/\/instagram.com\/universidadmh","http:\/\/es.linkedin.com\/edu\/universidad-miguel-hern\u00e1ndez-de-elche-12237","http:\/\/youtube.umh.es\/","https:\/\/twitter.com\/UniversidadMH"],"logo":{"@type":"ImageObject","@id":"https:\/\/docenciamicrobiologia.umh.es\/#logo","inLanguage":"ca","url":"https:\/\/docenciamicrobiologia.umh.es\/files\/2021\/11\/logon.png","contentUrl":"https:\/\/docenciamicrobiologia.umh.es\/files\/2021\/11\/logon.png","width":300,"height":100,"caption":"Universidad Miguel Hern\u00e1ndez"},"image":{"@id":"https:\/\/docenciamicrobiologia.umh.es\/#logo"}},{"@type":"WebSite","@id":"https:\/\/docenciamicrobiologia.umh.es\/#website","url":"https:\/\/docenciamicrobiologia.umh.es\/","name":"MicroWeb UMH","description":"Universidad Miguel Hern\u00e1ndez de Elche","publisher":{"@id":"https:\/\/docenciamicrobiologia.umh.es\/#organization"},"potentialAction":[{"@type":"SearchAction","target":{"@type":"EntryPoint","urlTemplate":"https:\/\/docenciamicrobiologia.umh.es\/?s={search_term_string}"},"query-input":"required name=search_term_string"}],"inLanguage":"ca"},{"@type":"ImageObject","@id":"https:\/\/docenciamicrobiologia.umh.es\/proyecto-micromundo\/#primaryimage","inLanguage":"ca","url":"https:\/\/docenciamicrobiologia.umh.es\/files\/2022\/01\/IMG-26691-300x225.jpg","contentUrl":"https:\/\/docenciamicrobiologia.umh.es\/files\/2022\/01\/IMG-26691-300x225.jpg"},{"@type":"WebPage","@id":"https:\/\/docenciamicrobiologia.umh.es\/proyecto-micromundo\/#webpage","url":"https:\/\/docenciamicrobiologia.umh.es\/proyecto-micromundo\/","name":"Proyecto MicroMundo - MicroWeb UMH","isPartOf":{"@id":"https:\/\/docenciamicrobiologia.umh.es\/#website"},"primaryImageOfPage":{"@id":"https:\/\/docenciamicrobiologia.umh.es\/proyecto-micromundo\/#primaryimage"},"datePublished":"2022-01-25T08:33:29+00:00","dateModified":"2022-02-01T18:51:53+00:00","breadcrumb":{"@id":"https:\/\/docenciamicrobiologia.umh.es\/proyecto-micromundo\/#breadcrumb"},"inLanguage":"ca","potentialAction":[{"@type":"ReadAction","target":["https:\/\/docenciamicrobiologia.umh.es\/proyecto-micromundo\/"]}]},{"@type":"BreadcrumbList","@id":"https:\/\/docenciamicrobiologia.umh.es\/proyecto-micromundo\/#breadcrumb","itemListElement":[{"@type":"ListItem","position":1,"name":"Portada","item":"https:\/\/docenciamicrobiologia.umh.es\/"},{"@type":"ListItem","position":2,"name":"Proyecto MicroMundo"}]}]}},"_links":{"self":[{"href":"https:\/\/docenciamicrobiologia.umh.es\/ca\/wp-json\/wp\/v2\/pages\/1462"}],"collection":[{"href":"https:\/\/docenciamicrobiologia.umh.es\/ca\/wp-json\/wp\/v2\/pages"}],"about":[{"href":"https:\/\/docenciamicrobiologia.umh.es\/ca\/wp-json\/wp\/v2\/types\/page"}],"author":[{"embeddable":true,"href":"https:\/\/docenciamicrobiologia.umh.es\/ca\/wp-json\/wp\/v2\/users\/3"}],"replies":[{"embeddable":true,"href":"https:\/\/docenciamicrobiologia.umh.es\/ca\/wp-json\/wp\/v2\/comments?post=1462"}],"version-history":[{"count":0,"href":"https:\/\/docenciamicrobiologia.umh.es\/ca\/wp-json\/wp\/v2\/pages\/1462\/revisions"}],"wp:attachment":[{"href":"https:\/\/docenciamicrobiologia.umh.es\/ca\/wp-json\/wp\/v2\/media?parent=1462"}],"curies":[{"name":"wp","href":"https:\/\/api.w.org\/{rel}","templated":true}]}}